{"id":3144,"date":"2023-06-09T12:35:27","date_gmt":"2023-06-09T12:35:27","guid":{"rendered":"https:\/\/ouissal.org\/?page_id=3144"},"modified":"2023-07-05T14:00:03","modified_gmt":"2023-07-05T14:00:03","slug":"contact","status":"publish","type":"page","link":"https:\/\/ouissal.mashupdigital.hu\/fr\/contact\/","title":{"rendered":"Contact"},"content":{"rendered":"<div data-elementor-type=\"wp-page\" data-elementor-id=\"3144\" class=\"elementor elementor-3144\" data-elementor-post-type=\"page\">\n\t\t\t\t<div class=\"elementor-element elementor-element-c8f3be5 e-flex e-con-boxed e-con e-parent\" data-id=\"c8f3be5\" data-element_type=\"container\">\n\t\t\t\t\t<div class=\"e-con-inner\">\n\t\t\t\t<div class=\"elementor-element elementor-element-9b74d18 divider_yes elementor-widget elementor-widget-wgl-double-headings\" data-id=\"9b74d18\" data-element_type=\"widget\" data-widget_type=\"wgl-double-headings.default\">\n\t\t\t\t<div class=\"elementor-widget-container\">\n\t\t\t\t\t<div class=\"wgl-double_heading aleft\">                <h1 class=\"dbl-title_wrapper\"><span class=\"dbl-title dbl-title_1\">Contact<\/span>                 <\/h1>        <\/div>\t\t\t\t<\/div>\n\t\t\t\t<\/div>\n\t\t<div class=\"elementor-element elementor-element-5556dff e-con-full e-flex e-con e-child\" data-id=\"5556dff\" data-element_type=\"container\">\n\t\t<div class=\"elementor-element elementor-element-51588dc e-con-full e-flex e-con e-child\" data-id=\"51588dc\" data-element_type=\"container\">\n\t\t\t\t<div class=\"elementor-element elementor-element-fac77e7 elementor-widget elementor-widget-heading\" data-id=\"fac77e7\" data-element_type=\"widget\" data-widget_type=\"heading.default\">\n\t\t\t\t<div class=\"elementor-widget-container\">\n\t\t\t\t\t<h2 class=\"elementor-heading-title elementor-size-default\">Euro-Mediterran-Arabischer L\u00e4nderverein e.V.<\/h2>\t\t\t\t<\/div>\n\t\t\t\t<\/div>\n\t\t\t\t<div class=\"elementor-element elementor-element-0c19ee9 elementor-icon-list--layout-traditional elementor-list-item-link-full_width elementor-widget elementor-widget-icon-list\" data-id=\"0c19ee9\" data-element_type=\"widget\" data-widget_type=\"icon-list.default\">\n\t\t\t\t<div class=\"elementor-widget-container\">\n\t\t\t\t\t\t\t<ul class=\"elementor-icon-list-items\">\n\t\t\t\t\t\t\t<li class=\"elementor-icon-list-item\">\n\t\t\t\t\t\t\t\t\t\t\t<span class=\"elementor-icon-list-icon\">\n\t\t\t\t\t\t\t<i aria-hidden=\"true\" class=\"fas fa-envelope\"><\/i>\t\t\t\t\t\t<\/span>\n\t\t\t\t\t\t\t\t\t\t<span class=\"elementor-icon-list-text\">info@ema-germany.org<\/span>\n\t\t\t\t\t\t\t\t\t<\/li>\n\t\t\t\t\t\t\t\t<li class=\"elementor-icon-list-item\">\n\t\t\t\t\t\t\t\t\t\t\t<span class=\"elementor-icon-list-icon\">\n\t\t\t\t\t\t\t<i aria-hidden=\"true\" class=\"fas fa-clock\"><\/i>\t\t\t\t\t\t<\/span>\n\t\t\t\t\t\t\t\t\t\t<span class=\"elementor-icon-list-text\">Monday\u2013Friday: 8:00AM\u20136:00PM Sat-Sun: Closed<\/span>\n\t\t\t\t\t\t\t\t\t<\/li>\n\t\t\t\t\t\t\t\t<li class=\"elementor-icon-list-item\">\n\t\t\t\t\t\t\t\t\t\t\t<span class=\"elementor-icon-list-icon\">\n\t\t\t\t\t\t\t<i aria-hidden=\"true\" class=\"fas fa-map-pin\"><\/i>\t\t\t\t\t\t<\/span>\n\t\t\t\t\t\t\t\t\t\t<span class=\"elementor-icon-list-text\"> Stresemannstr. 21, 10963 Berlin<\/span>\n\t\t\t\t\t\t\t\t\t<\/li>\n\t\t\t\t\t\t\t\t<li class=\"elementor-icon-list-item\">\n\t\t\t\t\t\t\t\t\t\t\t<span class=\"elementor-icon-list-icon\">\n\t\t\t\t\t\t\t<i aria-hidden=\"true\" class=\"fas fa-phone-alt\"><\/i>\t\t\t\t\t\t<\/span>\n\t\t\t\t\t\t\t\t\t\t<span class=\"elementor-icon-list-text\">+49 30 25359272<\/span>\n\t\t\t\t\t\t\t\t\t<\/li>\n\t\t\t\t\t\t<\/ul>\n\t\t\t\t\t\t<\/div>\n\t\t\t\t<\/div>\n\t\t\t\t<div class=\"elementor-element elementor-element-56514f4 e-grid-align-left elementor-shape-rounded elementor-grid-0 elementor-widget elementor-widget-social-icons\" data-id=\"56514f4\" data-element_type=\"widget\" data-widget_type=\"social-icons.default\">\n\t\t\t\t<div class=\"elementor-widget-container\">\n\t\t\t\t\t\t\t<div class=\"elementor-social-icons-wrapper elementor-grid\">\n\t\t\t\t\t\t\t<span class=\"elementor-grid-item\">\n\t\t\t\t\t<a class=\"elementor-icon elementor-social-icon elementor-social-icon-facebook-f elementor-repeater-item-667ca6d\" href=\"https:\/\/www.facebook.com\/emaev.germany\" target=\"_blank\">\n\t\t\t\t\t\t<span class=\"elementor-screen-only\">Facebook-f<\/span>\n\t\t\t\t\t\t<i class=\"fab fa-facebook-f\"><\/i>\t\t\t\t\t<\/a>\n\t\t\t\t<\/span>\n\t\t\t\t\t\t\t<span class=\"elementor-grid-item\">\n\t\t\t\t\t<a class=\"elementor-icon elementor-social-icon elementor-social-icon-twitter elementor-repeater-item-2e2dec3\" href=\"https:\/\/twitter.com\/emagermany\" target=\"_blank\">\n\t\t\t\t\t\t<span class=\"elementor-screen-only\">Twitter<\/span>\n\t\t\t\t\t\t<i class=\"fab fa-twitter\"><\/i>\t\t\t\t\t<\/a>\n\t\t\t\t<\/span>\n\t\t\t\t\t\t\t<span class=\"elementor-grid-item\">\n\t\t\t\t\t<a class=\"elementor-icon elementor-social-icon elementor-social-icon-linkedin-in elementor-repeater-item-381b90e\" href=\"https:\/\/www.linkedin.com\/company\/ema.germany\/\" target=\"_blank\">\n\t\t\t\t\t\t<span class=\"elementor-screen-only\">Linkedin-in<\/span>\n\t\t\t\t\t\t<i class=\"fab fa-linkedin-in\"><\/i>\t\t\t\t\t<\/a>\n\t\t\t\t<\/span>\n\t\t\t\t\t<\/div>\n\t\t\t\t\t\t<\/div>\n\t\t\t\t<\/div>\n\t\t\t\t<div class=\"elementor-element elementor-element-7472576 elementor-widget elementor-widget-heading\" data-id=\"7472576\" data-element_type=\"widget\" data-widget_type=\"heading.default\">\n\t\t\t\t<div class=\"elementor-widget-container\">\n\t\t\t\t\t<h3 class=\"elementor-heading-title elementor-size-default\">eingetragen unter VR38189B beim Amtsgericht Charlottenburg Ust.-IdNr.: DE281167268\n\n<\/h3>\t\t\t\t<\/div>\n\t\t\t\t<\/div>\n\t\t\t\t<div class=\"elementor-element elementor-element-0c8c445 elementor-widget-divider--view-line elementor-widget elementor-widget-divider\" data-id=\"0c8c445\" data-element_type=\"widget\" data-widget_type=\"divider.default\">\n\t\t\t\t<div class=\"elementor-widget-container\">\n\t\t\t\t\t\t\t<div class=\"elementor-divider\">\n\t\t\t<span class=\"elementor-divider-separator\">\n\t\t\t\t\t\t<\/span>\n\t\t<\/div>\n\t\t\t\t\t\t<\/div>\n\t\t\t\t<\/div>\n\t\t\t\t<div class=\"elementor-element elementor-element-d0c74c9 elementor-widget elementor-widget-text-editor\" data-id=\"d0c74c9\" data-element_type=\"widget\" data-widget_type=\"text-editor.default\">\n\t\t\t\t<div class=\"elementor-widget-container\">\n\t\t\t\t\t\t\t\t\t<p><strong>Itin\u00e9raire<\/strong><\/p><p>Arriv\u00e9e avec votre propre v\u00e9hicule:<\/p><p>Les bureaux de l\u2019EMA sont situ\u00e9s \u00e0 proximit\u00e9 du minist\u00e8re f\u00e9d\u00e9ral allemand de la Coop\u00e9ration Economique et du D\u00e9veloppement (BMZ), \u00e0 l\u2019extr\u00e9mit\u00e9 sud de la Stresemannstrasse, dans le m\u00eame b\u00e2timent que la brasserie Le Bon Mori. En venant de la Potsdamer Platz, le bureau est situ\u00e9 sur le c\u00f4t\u00e9 droit de la rue, directement en face du si\u00e8ge du SPD (Maison Willy Brandt).<\/p><p>Itin\u00e9raire en transports publics:<\/p><p>Le bureau de l\u2019EMA est facilement accessible en transports en commun et se trouve dans la zone tarifaire A. Depuis la gare centrale de Berlin (sortie nord, Europaplatz), le bus M41 circule en direction de la Sonnenallee\/Baumschulenstra\u00dfe et s\u2019arr\u00eate apr\u00e8s cinq arr\u00eats \u00e0 la maison Willy Brandt. De l\u00e0, il faut environ 3 minutes pour atteindre la Stresemannstra\u00dfe 21.<\/p><p>Vous pouvez \u00e9galement prendre les lignes S1, S2, S25 et S26 jusqu\u2019\u00e0 la gare d\u2019Anhalter Bahnhof. De l\u00e0, prenez le bus M41 en direction de la Sonnenallee\/Baumschulenstra\u00dfe, puis marchez jusqu\u2019\u00e0 la maison Willy Brandt.<\/p><p>Le bureau de l\u2019EMA est \u00e9galement accessible par la Potsdamer Platz. Vous pouvez y acc\u00e9der en prenant la ligne de m\u00e9tro U2 ou les lignes r\u00e9gionales RB10, RE2, RE3, RE4 et RE5. Depuis la Potsdamer Platz, le BUS M41 en direction de la Sonnenallee\/Baumschulenstra\u00dfe fait trois arr\u00eats jusqu\u2019\u00e0 la Maison Willy Brandt.<\/p><p>Vous pouvez \u00e9tablir votre itin\u00e9raire personnel jusqu\u2019\u00e0 nos bureaux \u00e0 partir du Berliner Verkehrbetriebe (BVG, lien externe).<\/p><p>Nous nous r\u00e9jouissons de votre visite !<\/p><p>Votre \u00e9quipe EMA<\/p>\t\t\t\t\t\t\t\t<\/div>\n\t\t\t\t<\/div>\n\t\t\t\t<\/div>\n\t\t<div class=\"elementor-element elementor-element-59c8aa6 e-con-full e-flex e-con e-child\" data-id=\"59c8aa6\" data-element_type=\"container\">\n\t\t\t\t<div class=\"elementor-element elementor-element-718af33 divider_yes elementor-widget elementor-widget-wgl-double-headings\" data-id=\"718af33\" data-element_type=\"widget\" data-widget_type=\"wgl-double-headings.default\">\n\t\t\t\t<div class=\"elementor-widget-container\">\n\t\t\t\t\t<div class=\"wgl-double_heading aleft\">                <h2 class=\"dbl-title_wrapper\"><span class=\"dbl-title dbl-title_1\">Formulaire de contact<\/span>                 <\/h2>        <\/div>\t\t\t\t<\/div>\n\t\t\t\t<\/div>\n\t\t\t\t<div class=\"elementor-element elementor-element-2fd2dbc elementor-button-align-stretch elementor-widget elementor-widget-form\" data-id=\"2fd2dbc\" data-element_type=\"widget\" data-settings=\"{&quot;step_next_label&quot;:&quot;Next&quot;,&quot;step_previous_label&quot;:&quot;Previous&quot;,&quot;button_width&quot;:&quot;100&quot;,&quot;step_type&quot;:&quot;number_text&quot;,&quot;step_icon_shape&quot;:&quot;circle&quot;}\" data-widget_type=\"form.default\">\n\t\t\t\t<div class=\"elementor-widget-container\">\n\t\t\t\t\t\t\t<form class=\"elementor-form\" method=\"post\" name=\"Contact\" action=\"\">\n\t\t\t<input type=\"hidden\" name=\"post_id\" value=\"3144\"\/>\n\t\t\t<input type=\"hidden\" name=\"form_id\" value=\"2fd2dbc\"\/>\n\t\t\t<input type=\"hidden\" name=\"referer_title\" value=\"\" \/>\n\n\t\t\t\n\t\t\t<div class=\"elementor-form-fields-wrapper elementor-labels-\">\n\t\t\t\t\t\t\t\t<div class=\"elementor-field-type-text elementor-field-group elementor-column elementor-field-group-name elementor-col-100 elementor-field-required\">\n\t\t\t\t\t\t\t\t\t\t\t\t<label for=\"form-field-name\" class=\"elementor-field-label elementor-screen-only\">\n\t\t\t\t\t\t\t\tName\t\t\t\t\t\t\t<\/label>\n\t\t\t\t\t\t\t\t\t\t\t\t\t\t<input size=\"1\" type=\"text\" name=\"form_fields[name]\" id=\"form-field-name\" class=\"elementor-field elementor-size-sm  elementor-field-textual\" placeholder=\"votre nom\" required=\"required\">\n\t\t\t\t\t\t\t\t\t\t\t<\/div>\n\t\t\t\t\t\t\t\t<div class=\"elementor-field-type-email elementor-field-group elementor-column elementor-field-group-email elementor-col-100 elementor-field-required\">\n\t\t\t\t\t\t\t\t\t\t\t\t<label for=\"form-field-email\" class=\"elementor-field-label elementor-screen-only\">\n\t\t\t\t\t\t\t\tEmail\t\t\t\t\t\t\t<\/label>\n\t\t\t\t\t\t\t\t\t\t\t\t\t\t<input size=\"1\" type=\"email\" name=\"form_fields[email]\" id=\"form-field-email\" class=\"elementor-field elementor-size-sm  elementor-field-textual\" placeholder=\"E-mail\" required=\"required\">\n\t\t\t\t\t\t\t\t\t\t\t<\/div>\n\t\t\t\t\t\t\t\t<div class=\"elementor-field-type-text elementor-field-group elementor-column elementor-field-group-field_9b2045d elementor-col-100 elementor-field-required\">\n\t\t\t\t\t\t\t\t\t\t\t\t<label for=\"form-field-field_9b2045d\" class=\"elementor-field-label elementor-screen-only\">\n\t\t\t\t\t\t\t\tSubject\t\t\t\t\t\t\t<\/label>\n\t\t\t\t\t\t\t\t\t\t\t\t\t\t<input size=\"1\" type=\"text\" name=\"form_fields[field_9b2045d]\" id=\"form-field-field_9b2045d\" class=\"elementor-field elementor-size-sm  elementor-field-textual\" placeholder=\"Objet*\" required=\"required\">\n\t\t\t\t\t\t\t\t\t\t\t<\/div>\n\t\t\t\t\t\t\t\t<div class=\"elementor-field-type-textarea elementor-field-group elementor-column elementor-field-group-message elementor-col-100\">\n\t\t\t\t\t\t\t\t\t\t\t\t<label for=\"form-field-message\" class=\"elementor-field-label elementor-screen-only\">\n\t\t\t\t\t\t\t\tMessage\t\t\t\t\t\t\t<\/label>\n\t\t\t\t\t\t<textarea class=\"elementor-field-textual elementor-field  elementor-size-sm\" name=\"form_fields[message]\" id=\"form-field-message\" rows=\"4\" placeholder=\"Message\"><\/textarea>\t\t\t\t<\/div>\n\t\t\t\t\t\t\t\t<div class=\"elementor-field-type-recaptcha_v3 elementor-field-group elementor-column elementor-field-group-field_2a06a55 elementor-col-100 recaptcha_v3-bottomright\">\n\t\t\t\t\t<div class=\"elementor-field\" id=\"form-field-field_2a06a55\"><div class=\"elementor-g-recaptcha\" data-sitekey=\"6LesY_AmAAAAAJdEF-jxh8HR53jGPjyDu3usY5_D\" data-type=\"v3\" data-action=\"Form\" data-badge=\"bottomright\" data-size=\"invisible\"><\/div><\/div>\t\t\t\t<\/div>\n\t\t\t\t\t\t\t\t<div class=\"elementor-field-group elementor-column elementor-field-type-submit elementor-col-100 e-form__buttons\">\n\t\t\t\t\t<button class=\"elementor-button elementor-size-sm\" type=\"submit\">\n\t\t\t\t\t\t<span class=\"elementor-button-content-wrapper\">\n\t\t\t\t\t\t\t\t\t\t\t\t\t\t\t\t\t\t\t\t\t\t<span class=\"elementor-button-text\">Envoyer<\/span>\n\t\t\t\t\t\t\t\t\t\t\t\t\t<\/span>\n\t\t\t\t\t<\/button>\n\t\t\t\t<\/div>\n\t\t\t<\/div>\n\t\t<input type=\"hidden\" name=\"trp-form-language\" value=\"fr\"\/><\/form>\n\t\t\t\t\t\t<\/div>\n\t\t\t\t<\/div>\n\t\t\t\t<\/div>\n\t\t\t\t<\/div>\n\t\t\t\t\t<\/div>\n\t\t\t\t<\/div>\n\t\t\t\t<\/div>","protected":false},"excerpt":{"rendered":"<p>Contact Euro-Mediterran-Arabischer L\u00e4nderverein e.V. info@ema-germany.org Monday\u2013Friday: 8:00AM\u20136:00PM Sat-Sun: Closed Stresemannstr. 21, 10963 Berlin +49 30 25359272 Facebook-f Twitter Linkedin-in eingetragen unter VR38189B beim Amtsgericht Charlottenburg Ust.-IdNr.: DE281167268 Directions Arrival with your own vehicle EMA\u2019s office is located within walking distance of the German Federal Ministry for Economic Cooperation and Development (BMZ) at the southern end [&hellip;]<\/p>","protected":false},"author":1,"featured_media":0,"parent":0,"menu_order":0,"comment_status":"closed","ping_status":"closed","template":"","meta":{"_acf_changed":false,"footnotes":""},"class_list":["post-3144","page","type-page","status-publish","hentry"],"acf":[],"_links":{"self":[{"href":"https:\/\/ouissal.mashupdigital.hu\/fr\/wp-json\/wp\/v2\/pages\/3144","targetHints":{"allow":["GET"]}}],"collection":[{"href":"https:\/\/ouissal.mashupdigital.hu\/fr\/wp-json\/wp\/v2\/pages"}],"about":[{"href":"https:\/\/ouissal.mashupdigital.hu\/fr\/wp-json\/wp\/v2\/types\/page"}],"author":[{"embeddable":true,"href":"https:\/\/ouissal.mashupdigital.hu\/fr\/wp-json\/wp\/v2\/users\/1"}],"replies":[{"embeddable":true,"href":"https:\/\/ouissal.mashupdigital.hu\/fr\/wp-json\/wp\/v2\/comments?post=3144"}],"version-history":[{"count":0,"href":"https:\/\/ouissal.mashupdigital.hu\/fr\/wp-json\/wp\/v2\/pages\/3144\/revisions"}],"wp:attachment":[{"href":"https:\/\/ouissal.mashupdigital.hu\/fr\/wp-json\/wp\/v2\/media?parent=3144"}],"curies":[{"name":"wp","href":"https:\/\/api.w.org\/{rel}","templated":true}]}}