{"id":3072,"date":"2023-06-08T15:26:49","date_gmt":"2023-06-08T15:26:49","guid":{"rendered":"https:\/\/ouissal.org\/?page_id=3072"},"modified":"2024-03-05T14:40:56","modified_gmt":"2024-03-05T14:40:56","slug":"mentors-selection-process","status":"publish","type":"page","link":"https:\/\/ouissal.mashupdigital.hu\/fr\/mentors-selection-process\/","title":{"rendered":"Crit\u00e8res de s\u00e9lection Mentors"},"content":{"rendered":"<div data-elementor-type=\"wp-page\" data-elementor-id=\"3072\" class=\"elementor elementor-3072\" data-elementor-post-type=\"page\">\n\t\t\t\t<div class=\"elementor-element elementor-element-4778ab1 e-flex e-con-boxed e-con e-parent\" data-id=\"4778ab1\" data-element_type=\"container\">\n\t\t\t\t\t<div class=\"e-con-inner\">\n\t\t\t\t<div class=\"elementor-element elementor-element-5dab749 elementor-widget elementor-widget-heading\" data-id=\"5dab749\" data-element_type=\"widget\" data-widget_type=\"heading.default\">\n\t\t\t\t<div class=\"elementor-widget-container\">\n\t\t\t\t\t<h1 class=\"elementor-heading-title elementor-size-default\">Crit\u00e8res de s\u00e9lection Mentors<\/h1>\t\t\t\t<\/div>\n\t\t\t\t<\/div>\n\t\t\t\t<div class=\"elementor-element elementor-element-731900d elementor-widget elementor-widget-text-editor\" data-id=\"731900d\" data-element_type=\"widget\" data-no-translation=\"\" data-widget_type=\"text-editor.default\">\n\t\t\t\t<div class=\"elementor-widget-container\">\n\t\t\t\t\t<style>.elementor-element-731900d{display:none !important}<\/style>\t\t\t\t<\/div>\n\t\t\t\t<\/div>\n\t\t\t\t<div class=\"elementor-element elementor-element-663d949 elementor-widget elementor-widget-text-editor\" data-id=\"663d949\" data-element_type=\"widget\" data-no-translation=\"\" data-widget_type=\"text-editor.default\">\n\t\t\t\t<div class=\"elementor-widget-container\">\n\t\t\t\t\t<style>.elementor-element-663d949{display:none !important}<\/style>\t\t\t\t<\/div>\n\t\t\t\t<\/div>\n\t\t\t\t<div class=\"elementor-element elementor-element-64d956d elementor-widget elementor-widget-text-editor\" data-id=\"64d956d\" data-element_type=\"widget\" data-no-translation=\"\" data-widget_type=\"text-editor.default\">\n\t\t\t\t<div class=\"elementor-widget-container\">\n\t\t\t\t\t\t\t\t\t<p><b>Pour participer \u00e0 Ouissal, vous devez id\u00e9alement remplir les conditions suivantes :<\/b><\/p>\n<p><b>Carri\u00e8re<\/b><\/p>\n<ul>\n<li style=\"font-weight: 400;\" aria-level=\"1\"><span style=\"font-weight: 400;\">Entrepreneur exp\u00e9riment\u00e9, directeur g\u00e9n\u00e9ral ou ayant occup\u00e9 un poste de direction pendant au moins 10 ans.<\/span><\/li>\n<li style=\"font-weight: 400;\" aria-level=\"1\"><span style=\"font-weight: 400;\">&nbsp;Expertise dans son propre secteur d&#8217;activit\u00e9, en mati\u00e8re de leadership et de d\u00e9veloppement d\u2019entreprise.<\/span><\/li>\n<\/ul>\n<p><b>Tandem et programme<\/b><\/p>\n<ul>\n<li style=\"font-weight: 400;\" aria-level=\"1\"><span style=\"font-weight: 400;\">Volont\u00e9 d&#8217;investir environ <\/span><b>1,5 heure par semaine pendant 1 an<\/b><span style=\"font-weight: 400;\"> dans la relation de mentorat afin de communiquer r\u00e9guli\u00e8rement avec le partenaire tandem tout au long du programme de mentorat (l&#8217;intensit\u00e9 et la fr\u00e9quence de la communication peuvent \u00eatre adapt\u00e9es aux besoins individuels).<\/span><\/li>\n<li style=\"font-weight: 400;\" aria-level=\"1\"><span style=\"font-weight: 400;\">Volont\u00e9 de participer \u00e0 <\/span><b>la r\u00e9union de lancement obligatoire<\/b><span style=\"font-weight: 400;\"> dans l&#8217;un des pays partenaires de la r\u00e9gion m\u00e9diterran\u00e9enne et du Moyen-Orient (y compris le voyage aller-retour).<\/span><\/li>\n<li style=\"font-weight: 400;\" aria-level=\"1\"><b>Int\u00e9r\u00eat <\/b><span style=\"font-weight: 400;\">pour <\/span><b>la diversit\u00e9 culturelle, \u00e9conomique et sociale<\/b><span style=\"font-weight: 400;\"> du monde<\/span><b> Arabe<\/b><\/li>\n<li style=\"font-weight: 400;\" aria-level=\"1\"><b>Int\u00e9r\u00eat pour les \u00e9changes interculturels <\/b><span style=\"font-weight: 400;\">et la promotion des perspectives professionnelles des femmes dans les pays arabes.<\/span><\/li>\n<li style=\"font-weight: 400;\" aria-level=\"1\"><span style=\"font-weight: 400;\">D\u00e9sir de rencontrer <\/span><b>des femmes entrepreneurs partageant les m\u00eames id\u00e9es<\/b><span style=\"font-weight: 400;\"> au sein du r\u00e9seau des femmes germano-arabes et de b\u00e9n\u00e9ficier de l&#8217;ensemble du r\u00e9seau de mentors et de mentor\u00e9s ainsi que du groupe d&#8217;anciennes \u00e9l\u00e8ves. Volont\u00e9 de partager et d&#8217;\u00e9tendre vos connaissances et votre expertise avec de jeunes femmes entrepreneurs (par exemple, mise en \u0153uvre d&#8217;un plan d&#8217;affaires et mentorat pour le d\u00e9veloppement d&#8217;une entreprise).<\/span><\/li>\n<li style=\"font-weight: 400;\" aria-level=\"1\"><b>L&#8217;ouverture, la conscience de soi et la r\u00e9flexion <\/b><span style=\"font-weight: 400;\">en tant que qualit\u00e9s personnelles.<\/span><\/li>\n<li style=\"font-weight: 400;\" aria-level=\"1\"><span style=\"font-weight: 400;\">Capacit\u00e9 d&#8217;adaptation et volont\u00e9 de <\/span><b>rompre avec les sch\u00e9mas habituels<\/b><span style=\"font-weight: 400;\"> et de s&#8217;adapter \u00e0 de nouvelles circonstances.<\/span><\/li>\n<\/ul>\n<p><b>Comp\u00e9tences linguistiques<\/b><\/p>\n<p><\/p>\n<ul>\n<li style=\"font-weight: 400;\" aria-level=\"1\"><b>Tr\u00e8s bonne connaissance de l&#8217;anglais et\/ou du fran\u00e7ais. <\/b><span style=\"font-weight: 400;\">Les tandems seront jumel\u00e9s dans une langue commune (fran\u00e7ais ou anglais). Personne n&#8217;est parfait : il n&#8217;est pas n\u00e9cessaire que les comp\u00e9tences linguistiques soient de niveau natif. Toutefois, les partenaires du tandem doivent se sentir capables de discuter de questions commerciales en fran\u00e7ais ou en anglais.<\/span><\/li>\n<\/ul>\n<p><\/p>\n<p><b>Nos attentes \u00e0 l&#8217;\u00e9gard d&#8217;un mentor :<\/b><\/p>\n<p><\/p>\n<table>\n<tbody>\n<tr>\n<td>\n<p><b>Qu\u2019est-ce qui constitue un mentor?<\/b><\/p>\n<\/td>\n<td>\n<p><b>Qu\u2019est-ce qui ne constitue pas un mentor ?<\/b><\/p>\n<\/td>\n<\/tr>\n<tr>\n<td>\n<p><span style=\"font-weight: 400;\">Porteur et m\u00e9diateur de savoirs d&#8217;exp\u00e9rience<\/span><\/p>\n<\/td>\n<td>\n<p><span style=\"font-weight: 400;\">Superviseur ou sup\u00e9rieur hi\u00e9rarchique<\/span><\/p>\n<\/td>\n<\/tr>\n<tr>\n<td>\n<p><span style=\"font-weight: 400;\">Partenaire de combat<\/span><\/p>\n<\/td>\n<td>\n<p><span style=\"font-weight: 400;\">Chef de file<\/span><\/p>\n<\/td>\n<\/tr>\n<tr>\n<td>\n<p><span style=\"font-weight: 400;\">Partenaire<\/span><\/p>\n<\/td>\n<td>\n<p><span style=\"font-weight: 400;\">Omniscient et sans erreur<\/span><\/p>\n<\/td>\n<\/tr>\n<tr>\n<td>\n<p><span style=\"font-weight: 400;\">Encourageur<\/span><\/p>\n<\/td>\n<td>\n<p><span style=\"font-weight: 400;\">Bo\u00eete \u00e0 dol\u00e9ances, th\u00e9rapeute<\/span><\/p>\n<\/td>\n<\/tr>\n<tr>\n<td>\n<p><span style=\"font-weight: 400;\">Figure mod\u00e8le<\/span><\/p>\n<\/td>\n<td>\n<p><span style=\"font-weight: 400;\">&#8220;M\u00e8re&#8221; du mentor\u00e9<\/span><\/p>\n<\/td>\n<\/tr>\n<tr>\n<td>\n<p><span style=\"font-weight: 400;\">Donneur d&#8217;impulsion (professionnelle et priv\u00e9e)<\/span><\/p>\n<\/td>\n<td>\n<p><span style=\"font-weight: 400;\">Coach<\/span><\/p>\n<\/td>\n<\/tr>\n<tr>\n<td>\n<p><span style=\"font-weight: 400;\">Compagnon (de carri\u00e8re)<\/span><\/p>\n<\/td>\n<td>\n<p><span style=\"font-weight: 400;\">Recruteur d&#8217;emploi<\/span><\/p>\n<\/td>\n<\/tr>\n<tr>\n<td>\n<p><span style=\"font-weight: 400;\">Networker<\/span><\/p>\n<\/td>\n<td>\n<p><span style=\"font-weight: 400;\">H\u00f4te<\/span><\/p>\n<\/td>\n<\/tr>\n<tr>\n<td>\n<p><span style=\"font-weight: 400;\">Source d&#8217;id\u00e9es<\/span><\/p>\n<\/td>\n<td>\n<p><span style=\"font-weight: 400;\">Personne de confiance<\/span><\/p>\n<\/td>\n<\/tr>\n<tr>\n<td>\n<p><span style=\"font-weight: 400;\">Explorateur<\/span><\/p>\n<\/td>\n<td>\n<p><span style=\"font-weight: 400;\">Vendeur<\/span><\/p>\n<\/td>\n<\/tr>\n<tr>\n<td>\n<p><span style=\"font-weight: 400;\">Fournisseur de remarques et critiques constructives<\/span><\/p>\n<\/td>\n<td>\n<p><span style=\"font-weight: 400;\">Toujours disponible<\/span><\/p>\n<\/td>\n<\/tr>\n<tr>\n<td>\n<p><span style=\"font-weight: 400;\">R\u00e9cepteur de remarques et critiques constructives<\/span><\/p>\n<\/td>\n<td>\n<p><span style=\"font-weight: 400;\">Chercheur de solutions<\/span><\/p>\n<\/td>\n<\/tr>\n<tr>\n<td>\n<p><span style=\"font-weight: 400;\">Auditeur<\/span><\/p>\n<\/td>\n<td>\n<p><span style=\"font-weight: 400;\">\u00c9valuateur, juge<\/span><\/p>\n<\/td>\n<\/tr>\n<tr>\n<td>\n<p><span style=\"font-weight: 400;\">Passionn\u00e9 d&#8217;apprentissage<\/span><\/p>\n<\/td>\n<td>\n<p><span style=\"font-weight: 400;\">Prestataire de services ou partenaire commercial<\/span><\/p>\n<\/td>\n<\/tr>\n<tr>\n<td>\n<p><span style=\"font-weight: 400;\">Curieux<\/span><\/p>\n<\/td>\n<td>\n<p><span style=\"font-weight: 400;\">&nbsp;<\/span><\/p>\n<\/td>\n<\/tr>\n<\/tbody>\n<\/table>\n<p><b>Notes suppl\u00e9mentaires :<\/b><\/p>\n<p><i><span style=\"font-weight: 400;\">Les frais de participation \u00e0 ce programme (frais de voyage, h\u00e9bergement et repas) sont pris en charge par le projet.<\/span><\/i><\/p>\t\t\t\t\t\t\t\t<\/div>\n\t\t\t\t<\/div>\n\t\t\t\t\t<\/div>\n\t\t\t\t<\/div>\n\t\t<div class=\"elementor-element elementor-element-bb6bbf6 e-flex e-con-boxed e-con e-parent\" data-id=\"bb6bbf6\" data-element_type=\"container\" data-settings=\"{&quot;background_background&quot;:&quot;classic&quot;}\">\n\t\t\t\t\t<div class=\"e-con-inner\">\n\t\t\t\t<div class=\"elementor-element elementor-element-515d77b divider_yes elementor-widget elementor-widget-wgl-double-headings\" data-id=\"515d77b\" data-element_type=\"widget\" data-widget_type=\"wgl-double-headings.default\">\n\t\t\t\t<div class=\"elementor-widget-container\">\n\t\t\t\t\t<div class=\"wgl-double_heading acenter\">                <h3 class=\"dbl-title_wrapper translation-block\"><span class=\"dbl-title dbl-title_1\">Comment<\/span> <span class=\"dbl-title dbl-title_2\">puis-je postuler ?<\/span><\/h3>        <\/div>\t\t\t\t<\/div>\n\t\t\t\t<\/div>\n\t\t<div class=\"elementor-element elementor-element-789bdd2 e-flex e-con-boxed e-con e-child\" data-id=\"789bdd2\" data-element_type=\"container\">\n\t\t\t\t\t<div class=\"e-con-inner\">\n\t\t<div class=\"elementor-element elementor-element-dd8e59e e-con-full e-flex e-con e-child\" data-id=\"dd8e59e\" data-element_type=\"container\">\n\t\t\t\t<div class=\"elementor-element elementor-element-e218d6c link-whole elementor-widget elementor-widget-wgl-services-7\" data-id=\"e218d6c\" data-element_type=\"widget\" data-widget_type=\"wgl-services-7.default\">\n\t\t\t\t<div class=\"elementor-widget-container\">\n\t\t\t\t\t        <div class=\"wgl-services-7 aleft\">\n            <div class=\"wgl-services_wrap\">                    <div class=\"wgl-services_image-wrap\"><img decoding=\"async\" class=\"wgl-services_image\" src=\"https:\/\/ouissal.mashupdigital.hu\/wp-content\/uploads\/2023\/06\/Mentor-scaled.jpg\" alt=\"Mentor\" \/><\/div>                <div class=\"wgl-services_content\">                        <h3 class=\"wgl-services_title translation-block\">Postuler en tant que <b>mentor<\/b><\/h3>                        <div class=\"wgl-services_text\">Soutenez une femme cadre en devenir et \u00e9largissez \u00e9galement vos horizons.<\/div>                        <div class=\"wgl-services_link-button\"><a class=\"wgl-services_link\" href=\"https:\/\/ouissal.mashupdigital.hu\/fr\/apply-as-a-mentor\/\"><\/a><\/div>                <\/div>                    <a class=\"wgl-services_link\" href=\"https:\/\/ouissal.mashupdigital.hu\/fr\/apply-as-a-mentor\/\"><\/a>            <\/div>\n        <\/div>\n\n        \t\t\t\t<\/div>\n\t\t\t\t<\/div>\n\t\t\t\t<\/div>\n\t\t<div class=\"elementor-element elementor-element-ae6ef38 e-con-full e-flex e-con e-child\" data-id=\"ae6ef38\" data-element_type=\"container\">\n\t\t\t\t<div class=\"elementor-element elementor-element-15db4de link-whole elementor-widget elementor-widget-wgl-services-7\" data-id=\"15db4de\" data-element_type=\"widget\" data-widget_type=\"wgl-services-7.default\">\n\t\t\t\t<div class=\"elementor-widget-container\">\n\t\t\t\t\t        <div class=\"wgl-services-7 aleft\">\n            <div class=\"wgl-services_wrap\">                    <div class=\"wgl-services_image-wrap\"><img decoding=\"async\" class=\"wgl-services_image\" src=\"https:\/\/ouissal.mashupdigital.hu\/wp-content\/uploads\/2023\/06\/Mentee-scaled.jpg\" alt=\"Mentee\" \/><\/div>                <div class=\"wgl-services_content\">                        <h3 class=\"wgl-services_title translation-block\">Postuler en tant que <b>mentee<\/b><\/h3>                        <div class=\"wgl-services_text\">Partez \u00e0 la rencontre de leaders qui ont r\u00e9ussi, tout en recevant une sagesse inestimable d'une femme leader exp\u00e9riment\u00e9e.<\/div>                        <div class=\"wgl-services_link-button\"><a class=\"wgl-services_link\" href=\"https:\/\/ouissal.mashupdigital.hu\/fr\/apply-as-a-mentee\/\"><\/a><\/div>                <\/div>                    <a class=\"wgl-services_link\" href=\"https:\/\/ouissal.mashupdigital.hu\/fr\/apply-as-a-mentee\/\"><\/a>            <\/div>\n        <\/div>\n\n        \t\t\t\t<\/div>\n\t\t\t\t<\/div>\n\t\t\t\t<\/div>\n\t\t\t\t\t<\/div>\n\t\t\t\t<\/div>\n\t\t\t\t\t<\/div>\n\t\t\t\t<\/div>\n\t\t\t\t<\/div>","protected":false},"excerpt":{"rendered":"<p>To participate in Ouissal, you ideally meet the following requirements: Career Experienced entrepreneur, managing director or working in a leading position for at least 10 years. Expertise in own industry, leadership topics and business development. Tandem and Program Willingness to invest approximately 1.5 hours per week for 1 year in the mentoring relationship in order [&hellip;]<\/p>","protected":false},"author":1,"featured_media":0,"parent":0,"menu_order":0,"comment_status":"closed","ping_status":"closed","template":"","meta":{"_acf_changed":false,"footnotes":""},"class_list":["post-3072","page","type-page","status-publish","hentry"],"acf":[],"_links":{"self":[{"href":"https:\/\/ouissal.mashupdigital.hu\/fr\/wp-json\/wp\/v2\/pages\/3072","targetHints":{"allow":["GET"]}}],"collection":[{"href":"https:\/\/ouissal.mashupdigital.hu\/fr\/wp-json\/wp\/v2\/pages"}],"about":[{"href":"https:\/\/ouissal.mashupdigital.hu\/fr\/wp-json\/wp\/v2\/types\/page"}],"author":[{"embeddable":true,"href":"https:\/\/ouissal.mashupdigital.hu\/fr\/wp-json\/wp\/v2\/users\/1"}],"replies":[{"embeddable":true,"href":"https:\/\/ouissal.mashupdigital.hu\/fr\/wp-json\/wp\/v2\/comments?post=3072"}],"version-history":[{"count":0,"href":"https:\/\/ouissal.mashupdigital.hu\/fr\/wp-json\/wp\/v2\/pages\/3072\/revisions"}],"wp:attachment":[{"href":"https:\/\/ouissal.mashupdigital.hu\/fr\/wp-json\/wp\/v2\/media?parent=3072"}],"curies":[{"name":"wp","href":"https:\/\/api.w.org\/{rel}","templated":true}]}}