{"id":3030,"date":"2023-06-08T14:58:27","date_gmt":"2023-06-08T14:58:27","guid":{"rendered":"https:\/\/ouissal.org\/?page_id=3030"},"modified":"2023-07-20T09:03:29","modified_gmt":"2023-07-20T09:03:29","slug":"mentees-selection-process","status":"publish","type":"page","link":"https:\/\/ouissal.mashupdigital.hu\/fr\/mentees-selection-process\/","title":{"rendered":"Auswahlkriterien Mentees"},"content":{"rendered":"<div data-elementor-type=\"wp-page\" data-elementor-id=\"3030\" class=\"elementor elementor-3030\" data-elementor-post-type=\"page\">\n\t\t\t\t<div class=\"elementor-element elementor-element-8869f69 e-flex e-con-boxed e-con e-parent\" data-id=\"8869f69\" data-element_type=\"container\">\n\t\t\t\t\t<div class=\"e-con-inner\">\n\t\t\t\t<div class=\"elementor-element elementor-element-148ad5c elementor-widget elementor-widget-heading\" data-id=\"148ad5c\" data-element_type=\"widget\" data-widget_type=\"heading.default\">\n\t\t\t\t<div class=\"elementor-widget-container\">\n\t\t\t\t\t<h2 class=\"elementor-heading-title elementor-size-default\">Crit\u00e8res de s\u00e9lection des mentor\u00e9e ! <\/h2>\t\t\t\t<\/div>\n\t\t\t\t<\/div>\n\t\t\t\t<div class=\"elementor-element elementor-element-1c49a12 elementor-widget elementor-widget-text-editor\" data-id=\"1c49a12\" data-element_type=\"widget\" data-no-translation=\"\" data-widget_type=\"text-editor.default\">\n\t\t\t\t<div class=\"elementor-widget-container\">\n\t\t\t\t\t<style>.elementor-element-1c49a12{display:none !important}<\/style>\t\t\t\t<\/div>\n\t\t\t\t<\/div>\n\t\t\t\t<div class=\"elementor-element elementor-element-109fc9b elementor-widget elementor-widget-text-editor\" data-id=\"109fc9b\" data-element_type=\"widget\" data-no-translation=\"\" data-widget_type=\"text-editor.default\">\n\t\t\t\t<div class=\"elementor-widget-container\">\n\t\t\t\t\t<style>.elementor-element-109fc9b{display:none !important}<\/style>\t\t\t\t<\/div>\n\t\t\t\t<\/div>\n\t\t\t\t<div class=\"elementor-element elementor-element-665e4c1 elementor-widget elementor-widget-text-editor\" data-id=\"665e4c1\" data-element_type=\"widget\" data-no-translation=\"\" data-widget_type=\"text-editor.default\">\n\t\t\t\t<div class=\"elementor-widget-container\">\n\t\t\t\t\t\t\t\t\t<p><b>Pour participer \u00e0 Ouissal, vous devez id\u00e9alement remplir les conditions suivantes :<\/b><\/p><p><b>Carri\u00e8re<\/b><\/p><ul><li style=\"font-weight: 400;\" aria-level=\"1\"><b>Directeur g\u00e9n\u00e9ral <\/b><span style=\"font-weight: 400;\">et, id\u00e9alement,<\/span><b> fondateur de sa propre entreprise <\/b><span style=\"font-weight: 400;\">ou candidat ayant des<\/span><b> ambitions de carri\u00e8re dans de grandes entreprises ou administrations publiques et priv\u00e9es.<\/b><\/li><li style=\"font-weight: 400;\" aria-level=\"1\"><span style=\"font-weight: 400;\">Avoir d\u00e9j\u00e0 suffisamment assur\u00e9 le financement de base de l&#8217;entreprise (par exemple, avoir d\u00e9j\u00e0 re\u00e7u des subventions externes)<\/span><\/li><li style=\"font-weight: 400;\" aria-level=\"1\"><b>Plan d&#8217;entreprise avanc\u00e9 et phase de mise \u00e0 l&#8217;\u00e9chelle <\/b><span style=\"font-weight: 400;\">avec int\u00e9r\u00eat pour des am\u00e9liorations cibl\u00e9es (par exemple, strat\u00e9gie de marketing, communication d&#8217;entreprise, gestion des ressources humaines, ventes).<\/span><\/li><\/ul><p><b>Tandem et programme<\/b><\/p><ul><li style=\"font-weight: 400;\" aria-level=\"1\"><span style=\"font-weight: 400;\">Volont\u00e9 d&#8217;investir environ <\/span><b>1,5 heure par semaine pendant 1 an<\/b><span style=\"font-weight: 400;\"> dans la relation de mentorat afin de communiquer r\u00e9guli\u00e8rement avec le partenaire tandem tout au long du programme de mentorat (l&#8217;intensit\u00e9 et la fr\u00e9quence de la communication peuvent \u00eatre adapt\u00e9es aux besoins individuels).<\/span><\/li><li style=\"font-weight: 400;\" aria-level=\"1\"><span style=\"font-weight: 400;\">Volont\u00e9 de participer \u00e0 la <\/span><b>r\u00e9union de lancement obligatoire<\/b><span style=\"font-weight: 400;\"> dans l&#8217;un des pays partenaires de la r\u00e9gion m\u00e9diterran\u00e9enne et du Moyen-Orient (y compris le voyage aller-retour) ainsi qu&#8217;au <\/span><b>forum des femmes germano-arabes \u00e0 Berlin.<\/b><\/li><li style=\"font-weight: 400;\" aria-level=\"1\"><span style=\"font-weight: 400;\">Volont\u00e9 d&#8217;\u00e9laborer des <\/span><b>strat\u00e9gies en commun<\/b><span style=\"font-weight: 400;\"> et de <\/span><b>mettre en \u0153uvre des id\u00e9es de mani\u00e8re ind\u00e9pendante<\/b><\/li><li style=\"font-weight: 400;\" aria-level=\"1\"><span style=\"font-weight: 400;\">D\u00e9sir de <\/span><b>rencontrer de jeunes femmes entrepreneurs<\/b><span style=\"font-weight: 400;\"> partageant les m\u00eames id\u00e9es au sein du r\u00e9seau des femmes germano-arabes et de b\u00e9n\u00e9ficier de l&#8217;ensemble du r\u00e9seau de mentors et de mentor\u00e9s ainsi que du groupe d&#8217;anciennes \u00e9l\u00e8ves.<\/span><\/li><li style=\"font-weight: 400;\" aria-level=\"1\"><span style=\"font-weight: 400;\">Int\u00e9r\u00eat pour les <\/span><b>\u00e9changes interculturels<\/b><span style=\"font-weight: 400;\"> et les exp\u00e9riences d&#8217;autres femmes entrepreneurs<\/span><\/li><li style=\"font-weight: 400;\" aria-level=\"1\"><b>Ouverture d&#8217;esprit, volont\u00e9 de r\u00e9flexion et communication ouverte<\/b><span style=\"font-weight: 400;\"> pour partager les d\u00e9fis<\/span><\/li><li style=\"font-weight: 400;\" aria-level=\"1\"><b>Appr\u00e9ciation <\/b><span style=\"font-weight: 400;\">de l&#8217;\u00e9change dans la communaut\u00e9 (tandem ou groupe)<\/span><\/li><\/ul><p><b>Comp\u00e9tences linguistiques<\/b><\/p><p>\u00a0<\/p><ul><li style=\"font-weight: 400;\" aria-level=\"1\"><b>Tr\u00e8s bonne connaissance de l&#8217;anglais et\/ou du fran\u00e7ais<\/b><span style=\"font-weight: 400;\">. Les tandems sont jumel\u00e9s dans une langue commune (fran\u00e7ais ou anglais). Personne n&#8217;est parfait : il n&#8217;est pas n\u00e9cessaire que les comp\u00e9tences linguistiques soient du niveau de la langue maternelle. N\u00e9anmoins, les partenaires du tandem doivent se sentir capables d&#8217;\u00e9changer des id\u00e9es sur des questions commerciales en fran\u00e7ais ou en anglais.<\/span><\/li><\/ul><p><br \/><br \/><br \/><br \/><br \/><\/p><p><b>Nos attentes \u00e0 l&#8217;\u00e9gard d&#8217;une personne guid\u00e9e :<\/b><\/p><p>\u00a0<\/p><table><tbody><tr><td><p><b>Qu&#8217;est-ce qui constitue un mentor\u00e9 ?<\/b><\/p><\/td><td><p><b>Qu&#8217;est-ce qui ne constitue pas un mentor\u00e9 ?<\/b><\/p><\/td><\/tr><tr><td><p><span style=\"font-weight: 400;\">Partenaire d&#8217;entra\u00eenement<\/span><\/p><\/td><td><p><span style=\"font-weight: 400;\">Soumission\u00a0<\/span><\/p><\/td><\/tr><tr><td><p><span style=\"font-weight: 400;\">Donneur d&#8217;impulsion<\/span><\/p><\/td><td><p><span style=\"font-weight: 400;\">Copie potentielle<\/span><\/p><\/td><\/tr><tr><td><p><span style=\"font-weight: 400;\">Donneur d&#8217;orientation<\/span><\/p><\/td><td><p><span style=\"font-weight: 400;\">La &#8220;fille&#8221; du mentor<\/span><\/p><\/td><\/tr><tr><td><p><span style=\"font-weight: 400;\">Porteur de connaissances<\/span><\/p><\/td><td><p><span style=\"font-weight: 400;\">Totalement ignorante et non sp\u00e9cialis\u00e9e<\/span><\/p><\/td><\/tr><tr><td><p><span style=\"font-weight: 400;\">Networker (r\u00e9seau)<\/span><\/p><\/td><td><p><span style=\"font-weight: 400;\">Destinataire des ordres<\/span><\/p><\/td><\/tr><tr><td><p><span style=\"font-weight: 400;\">Personne motiv\u00e9e<\/span><\/p><\/td><td><p><span style=\"font-weight: 400;\">Consultant<\/span><\/p><\/td><\/tr><tr><td><p><span style=\"font-weight: 400;\">Personne int\u00e9ress\u00e9e<\/span><\/p><\/td><td><p><span style=\"font-weight: 400;\">Consommateur<\/span><\/p><\/td><\/tr><tr><td><p><span style=\"font-weight: 400;\">Fournisseur de remarques et critiques constructives<\/span><\/p><\/td><td><p><span style=\"font-weight: 400;\">\u00a0<\/span><\/p><\/td><\/tr><tr><td><p><span style=\"font-weight: 400;\">R\u00e9cepteur de remarques et critiques constructives<\/span><\/p><\/td><td><p><b>\u00a0<\/b><\/p><\/td><\/tr><\/tbody><\/table><p><br \/><br \/><br \/><br \/><\/p><p><b>Remarques compl\u00e9mentaires :<\/b><\/p><p><br \/><b><\/b><\/p><ul><li aria-level=\"1\"><b>Ouissal est un programme de mentorat et non de coaching. Toutes les mentors participant \u00e0 ce programme sont des femmes issues du monde de l&#8217;entreprise qui partagent b\u00e9n\u00e9volement leurs connaissances et leur exp\u00e9rience avec les mentor\u00e9es.<\/b><\/li><\/ul><ul><li aria-level=\"1\"><b>Ouissal ne vise pas \u00e0 cr\u00e9er des opportunit\u00e9s d&#8217;entr\u00e9e sur de nouveaux march\u00e9s, ne sert pas de lieu de stage ou d&#8217;\u00e9change d&#8217;emplois, ni de plateforme pour des partenariats commerciaux.<\/b><\/li><\/ul><ul><li aria-level=\"1\"><b>Les co\u00fbts de l&#8217;ensemble du programme seront couverts (par exemple, les frais de voyage, les repas, l&#8217;h\u00e9bergement).<\/b><\/li><\/ul><p>\u00a0<\/p>\t\t\t\t\t\t\t\t<\/div>\n\t\t\t\t<\/div>\n\t\t\t\t\t<\/div>\n\t\t\t\t<\/div>\n\t\t<div class=\"elementor-element elementor-element-c14ceda e-flex e-con-boxed e-con e-parent\" data-id=\"c14ceda\" data-element_type=\"container\" data-settings=\"{&quot;background_background&quot;:&quot;classic&quot;}\">\n\t\t\t\t\t<div class=\"e-con-inner\">\n\t\t\t\t<div class=\"elementor-element elementor-element-8023827 divider_yes elementor-widget elementor-widget-wgl-double-headings\" data-id=\"8023827\" data-element_type=\"widget\" data-widget_type=\"wgl-double-headings.default\">\n\t\t\t\t<div class=\"elementor-widget-container\">\n\t\t\t\t\t<div class=\"wgl-double_heading acenter\">                <h3 class=\"dbl-title_wrapper translation-block\"><span class=\"dbl-title dbl-title_1\">Comment<\/span> <span class=\"dbl-title dbl-title_2\">puis-je postuler ?<\/span><\/h3>        <\/div>\t\t\t\t<\/div>\n\t\t\t\t<\/div>\n\t\t<div class=\"elementor-element elementor-element-706ac06 e-flex e-con-boxed e-con e-child\" data-id=\"706ac06\" data-element_type=\"container\">\n\t\t\t\t\t<div class=\"e-con-inner\">\n\t\t<div class=\"elementor-element elementor-element-e132502 e-con-full e-flex e-con e-child\" data-id=\"e132502\" data-element_type=\"container\">\n\t\t\t\t<div class=\"elementor-element elementor-element-662ecc4 link-whole elementor-widget elementor-widget-wgl-services-7\" data-id=\"662ecc4\" data-element_type=\"widget\" data-widget_type=\"wgl-services-7.default\">\n\t\t\t\t<div class=\"elementor-widget-container\">\n\t\t\t\t\t        <div class=\"wgl-services-7 aleft\">\n            <div class=\"wgl-services_wrap\">                    <div class=\"wgl-services_image-wrap\"><img decoding=\"async\" class=\"wgl-services_image\" src=\"https:\/\/ouissal.mashupdigital.hu\/wp-content\/uploads\/2023\/06\/Mentor-scaled.jpg\" alt=\"Mentor\" \/><\/div>                <div class=\"wgl-services_content\">                        <h3 class=\"wgl-services_title translation-block\">Postuler en tant que <b>mentor<\/b><\/h3>                        <div class=\"wgl-services_text\">Soutenez une femme cadre en devenir et \u00e9largissez \u00e9galement vos horizons.<\/div>                        <div class=\"wgl-services_link-button\"><a class=\"wgl-services_link\" href=\"https:\/\/ouissal.mashupdigital.hu\/fr\/apply-as-a-mentor\/\"><\/a><\/div>                <\/div>                    <a class=\"wgl-services_link\" href=\"https:\/\/ouissal.mashupdigital.hu\/fr\/apply-as-a-mentor\/\"><\/a>            <\/div>\n        <\/div>\n\n        \t\t\t\t<\/div>\n\t\t\t\t<\/div>\n\t\t\t\t<\/div>\n\t\t<div class=\"elementor-element elementor-element-561f628 e-con-full e-flex e-con e-child\" data-id=\"561f628\" data-element_type=\"container\">\n\t\t\t\t<div class=\"elementor-element elementor-element-9c09a9b link-whole elementor-widget elementor-widget-wgl-services-7\" data-id=\"9c09a9b\" data-element_type=\"widget\" data-widget_type=\"wgl-services-7.default\">\n\t\t\t\t<div class=\"elementor-widget-container\">\n\t\t\t\t\t        <div class=\"wgl-services-7 aleft\">\n            <div class=\"wgl-services_wrap\">                    <div class=\"wgl-services_image-wrap\"><img decoding=\"async\" class=\"wgl-services_image\" src=\"https:\/\/ouissal.mashupdigital.hu\/wp-content\/uploads\/2023\/06\/Mentee-scaled.jpg\" alt=\"Mentee\" \/><\/div>                <div class=\"wgl-services_content\">                        <h3 class=\"wgl-services_title translation-block\">Postuler en tant que <b>mentee<\/b><\/h3>                        <div class=\"wgl-services_text\">Partez \u00e0 la rencontre de leaders qui ont r\u00e9ussi, tout en recevant une sagesse inestimable d'une femme leader exp\u00e9riment\u00e9e.<\/div>                        <div class=\"wgl-services_link-button\"><a class=\"wgl-services_link\" href=\"https:\/\/ouissal.mashupdigital.hu\/fr\/apply-as-a-mentee\/\"><\/a><\/div>                <\/div>                    <a class=\"wgl-services_link\" href=\"https:\/\/ouissal.mashupdigital.hu\/fr\/apply-as-a-mentee\/\"><\/a>            <\/div>\n        <\/div>\n\n        \t\t\t\t<\/div>\n\t\t\t\t<\/div>\n\t\t\t\t<\/div>\n\t\t\t\t\t<\/div>\n\t\t\t\t<\/div>\n\t\t\t\t\t<\/div>\n\t\t\t\t<\/div>\n\t\t\t\t<\/div>","protected":false},"excerpt":{"rendered":"<p>Mentees Selection Criteria To participate in Ouissal, you ideally meet the following requirements: Career Managing director and ideally founder of their own company or applicant with career ambitions in larger state and private companies or authorities. Have already sufficiently secured the basic financing of the enterprise (e.g. have already received external financing grants) Advanced business [&hellip;]<\/p>","protected":false},"author":1,"featured_media":2395,"parent":0,"menu_order":0,"comment_status":"closed","ping_status":"closed","template":"","meta":{"_acf_changed":false,"footnotes":""},"class_list":["post-3030","page","type-page","status-publish","has-post-thumbnail","hentry"],"acf":[],"_links":{"self":[{"href":"https:\/\/ouissal.mashupdigital.hu\/fr\/wp-json\/wp\/v2\/pages\/3030","targetHints":{"allow":["GET"]}}],"collection":[{"href":"https:\/\/ouissal.mashupdigital.hu\/fr\/wp-json\/wp\/v2\/pages"}],"about":[{"href":"https:\/\/ouissal.mashupdigital.hu\/fr\/wp-json\/wp\/v2\/types\/page"}],"author":[{"embeddable":true,"href":"https:\/\/ouissal.mashupdigital.hu\/fr\/wp-json\/wp\/v2\/users\/1"}],"replies":[{"embeddable":true,"href":"https:\/\/ouissal.mashupdigital.hu\/fr\/wp-json\/wp\/v2\/comments?post=3030"}],"version-history":[{"count":0,"href":"https:\/\/ouissal.mashupdigital.hu\/fr\/wp-json\/wp\/v2\/pages\/3030\/revisions"}],"wp:featuredmedia":[{"embeddable":true,"href":"https:\/\/ouissal.mashupdigital.hu\/fr\/wp-json\/wp\/v2\/media\/2395"}],"wp:attachment":[{"href":"https:\/\/ouissal.mashupdigital.hu\/fr\/wp-json\/wp\/v2\/media?parent=3030"}],"curies":[{"name":"wp","href":"https:\/\/api.w.org\/{rel}","templated":true}]}}