{"id":3257,"date":"2023-06-12T11:10:17","date_gmt":"2023-06-12T11:10:17","guid":{"rendered":"https:\/\/ouissal.org\/?page_id=3257"},"modified":"2023-07-18T10:12:46","modified_gmt":"2023-07-18T10:12:46","slug":"news","status":"publish","type":"page","link":"https:\/\/ouissal.mashupdigital.hu\/de\/news\/","title":{"rendered":"News"},"content":{"rendered":"<div data-elementor-type=\"wp-page\" data-elementor-id=\"3257\" class=\"elementor elementor-3257\" data-elementor-post-type=\"page\">\n\t\t\t\t<div class=\"elementor-element elementor-element-1bff2a6 e-flex e-con-boxed e-con e-parent\" data-id=\"1bff2a6\" data-element_type=\"container\">\n\t\t\t\t\t<div class=\"e-con-inner\">\n\t\t\t\t<div class=\"elementor-element elementor-element-d11cc32 divider_yes elementor-widget elementor-widget-wgl-double-headings\" data-id=\"d11cc32\" data-element_type=\"widget\" data-widget_type=\"wgl-double-headings.default\">\n\t\t\t\t<div class=\"elementor-widget-container\">\n\t\t\t\t\t<div class=\"wgl-double_heading acenter\">                <h3 class=\"dbl-title_wrapper\"><span class=\"dbl-title dbl-title_1\">Ouissal<\/span> <span class=\"dbl-title dbl-title_2\">Media<\/span>                 <\/h3>        <\/div>\t\t\t\t<\/div>\n\t\t\t\t<\/div>\n\t\t\t\t<div class=\"elementor-element elementor-element-628843d elementor-nav-menu__align-center elementor-nav-menu--dropdown-none elementor-widget elementor-widget-nav-menu\" data-id=\"628843d\" data-element_type=\"widget\" data-settings=\"{&quot;layout&quot;:&quot;horizontal&quot;,&quot;submenu_icon&quot;:{&quot;value&quot;:&quot;&lt;i class=\\&quot;fas fa-caret-down\\&quot;&gt;&lt;\\\/i&gt;&quot;,&quot;library&quot;:&quot;fa-solid&quot;}}\" data-widget_type=\"nav-menu.default\">\n\t\t\t\t<div class=\"elementor-widget-container\">\n\t\t\t\t\t\t\t\t<nav aria-label=\"Men\u00fc\" class=\"elementor-nav-menu--main elementor-nav-menu__container elementor-nav-menu--layout-horizontal e--pointer-background e--animation-none\">\n\t\t\t\t<ul id=\"menu-1-628843d\" class=\"elementor-nav-menu\"><li class=\"menu-item menu-item-type-post_type menu-item-object-page menu-item-6153\"><a href=\"https:\/\/ouissal.mashupdigital.hu\/de\/news\/\" class=\"elementor-item\">News<\/a><\/li>\n<li class=\"menu-item menu-item-type-post_type menu-item-object-page menu-item-3285\"><a href=\"https:\/\/ouissal.mashupdigital.hu\/de\/success-stories\/\" class=\"elementor-item\">Erfolgsgeschichten<\/a><\/li>\n<li class=\"menu-item menu-item-type-post_type menu-item-object-page menu-item-6088\"><a href=\"https:\/\/ouissal.mashupdigital.hu\/de\/video\/\" class=\"elementor-item\">Video<\/a><\/li>\n<li class=\"menu-item menu-item-type-post_type menu-item-object-page menu-item-3340\"><a href=\"https:\/\/ouissal.mashupdigital.hu\/de\/images\/\" class=\"elementor-item\">Bilder<\/a><\/li>\n<li class=\"menu-item menu-item-type-post_type menu-item-object-page menu-item-8841\"><a href=\"https:\/\/ouissal.mashupdigital.hu\/de\/elementor-8792\/\" class=\"elementor-item\">Social Media Testimonials<\/a><\/li>\n<\/ul>\t\t\t<\/nav>\n\t\t\t\t\t\t<nav class=\"elementor-nav-menu--dropdown elementor-nav-menu__container\" aria-hidden=\"true\">\n\t\t\t\t<ul id=\"menu-2-628843d\" class=\"elementor-nav-menu\"><li class=\"menu-item menu-item-type-post_type menu-item-object-page menu-item-6153\"><a href=\"https:\/\/ouissal.mashupdigital.hu\/de\/news\/\" class=\"elementor-item\" tabindex=\"-1\">News<\/a><\/li>\n<li class=\"menu-item menu-item-type-post_type menu-item-object-page menu-item-3285\"><a href=\"https:\/\/ouissal.mashupdigital.hu\/de\/success-stories\/\" class=\"elementor-item\" tabindex=\"-1\">Erfolgsgeschichten<\/a><\/li>\n<li class=\"menu-item menu-item-type-post_type menu-item-object-page menu-item-6088\"><a href=\"https:\/\/ouissal.mashupdigital.hu\/de\/video\/\" class=\"elementor-item\" tabindex=\"-1\">Video<\/a><\/li>\n<li class=\"menu-item menu-item-type-post_type menu-item-object-page menu-item-3340\"><a href=\"https:\/\/ouissal.mashupdigital.hu\/de\/images\/\" class=\"elementor-item\" tabindex=\"-1\">Bilder<\/a><\/li>\n<li class=\"menu-item menu-item-type-post_type menu-item-object-page menu-item-8841\"><a href=\"https:\/\/ouissal.mashupdigital.hu\/de\/elementor-8792\/\" class=\"elementor-item\" tabindex=\"-1\">Social Media Testimonials<\/a><\/li>\n<\/ul>\t\t\t<\/nav>\n\t\t\t\t\t\t<\/div>\n\t\t\t\t<\/div>\n\t\t\t\t<div class=\"elementor-element elementor-element-78d738d elementor-grid-1 elementor-grid-tablet-2 elementor-grid-mobile-1 elementor-widget elementor-widget-loop-grid\" data-id=\"78d738d\" data-element_type=\"widget\" data-settings=\"{&quot;template_id&quot;:6097,&quot;columns&quot;:1,&quot;_skin&quot;:&quot;post&quot;,&quot;columns_tablet&quot;:&quot;2&quot;,&quot;columns_mobile&quot;:&quot;1&quot;,&quot;edit_handle_selector&quot;:&quot;[data-elementor-type=\\&quot;loop-item\\&quot;]&quot;,&quot;row_gap&quot;:{&quot;unit&quot;:&quot;px&quot;,&quot;size&quot;:&quot;&quot;,&quot;sizes&quot;:[]},&quot;row_gap_laptop&quot;:{&quot;unit&quot;:&quot;px&quot;,&quot;size&quot;:&quot;&quot;,&quot;sizes&quot;:[]},&quot;row_gap_tablet&quot;:{&quot;unit&quot;:&quot;px&quot;,&quot;size&quot;:&quot;&quot;,&quot;sizes&quot;:[]},&quot;row_gap_mobile&quot;:{&quot;unit&quot;:&quot;px&quot;,&quot;size&quot;:&quot;&quot;,&quot;sizes&quot;:[]}}\" data-widget_type=\"loop-grid.post\">\n\t\t\t\t<div class=\"elementor-widget-container\">\n\t\t\t\t\t\t\t<div class=\"elementor-loop-container elementor-grid\">\n\t\t<style id=\"loop-6097\">.elementor-6097 .elementor-element.elementor-element-82f65d8{--display:flex;--flex-direction:row;--container-widget-width:initial;--container-widget-height:100%;--container-widget-flex-grow:1;--container-widget-align-self:stretch;--flex-wrap-mobile:wrap;box-shadow:0px 0px 10px 0px rgba(0, 0, 0, 0.08);--padding-top:0px;--padding-bottom:0px;--padding-left:0px;--padding-right:0px;}.elementor-widget-image .widget-image-caption{color:var( --e-global-color-text );}.elementor-6097 .elementor-element.elementor-element-95c2e57{width:var( --container-widget-width, 40% );max-width:40%;--container-widget-width:40%;--container-widget-flex-grow:0;text-align:left;}.elementor-6097 .elementor-element.elementor-element-95c2e57 img{width:100%;max-width:100%;height:100%;object-fit:cover;object-position:center center;}.elementor-6097 .elementor-element.elementor-element-7b829a2{--display:flex;--justify-content:center;--padding-top:20px;--padding-bottom:20px;--padding-left:20px;--padding-right:20px;}.elementor-widget-heading .elementor-heading-title{color:var( --e-global-color-primary );}.elementor-6097 .elementor-element.elementor-element-b607e3d .elementor-heading-title{font-size:2rem;color:var( --e-global-color-2c9c4043 );}.elementor-widget-text-editor{color:var( --e-global-color-text );}.elementor-widget-text-editor.elementor-drop-cap-view-stacked .elementor-drop-cap{background-color:var( --e-global-color-primary );}.elementor-widget-text-editor.elementor-drop-cap-view-framed .elementor-drop-cap, .elementor-widget-text-editor.elementor-drop-cap-view-default .elementor-drop-cap{color:var( --e-global-color-primary );border-color:var( --e-global-color-primary );}.elementor-widget-button .elementor-button{background-color:var( --e-global-color-accent );}.elementor-6097 .elementor-element.elementor-element-1f04b82 .elementor-button{background-color:var( --e-global-color-6e0ef737 );font-family:\"Quicksand\", Sans-serif;font-weight:700;text-transform:uppercase;fill:var( --e-global-color-accent );color:var( --e-global-color-accent );padding:20px 20px 20px 0px;}.elementor-6097 .elementor-element.elementor-element-1f04b82 .elementor-button-content-wrapper{flex-direction:row-reverse;}.elementor-6097 .elementor-element.elementor-element-1f04b82 .elementor-button .elementor-button-content-wrapper{gap:10px;}.elementor-6097 .elementor-element.elementor-element-67ad4f2 .elementor-button{background-color:var( --e-global-color-6e0ef737 );font-family:\"Quicksand\", Sans-serif;font-weight:700;text-transform:uppercase;fill:var( --e-global-color-accent );color:var( --e-global-color-accent );padding:20px 20px 20px 0px;}.elementor-6097 .elementor-element.elementor-element-67ad4f2 .elementor-button-content-wrapper{flex-direction:row-reverse;}.elementor-6097 .elementor-element.elementor-element-67ad4f2 .elementor-button .elementor-button-content-wrapper{gap:10px;}@media(min-width:768px){.elementor-6097 .elementor-element.elementor-element-7b829a2{--width:60%;}}@media(max-width:1024px){.elementor-6097 .elementor-element.elementor-element-82f65d8{--flex-direction:column;--container-widget-width:100%;--container-widget-height:initial;--container-widget-flex-grow:0;--container-widget-align-self:initial;--flex-wrap-mobile:wrap;}.elementor-6097 .elementor-element.elementor-element-95c2e57 img{width:100%;height:100%;}}@media(max-width:767px){.elementor-6097 .elementor-element.elementor-element-95c2e57{width:100%;max-width:100%;}.elementor-6097 .elementor-element.elementor-element-7b829a2{--width:100%;}}\/* Start custom CSS for image, class: .elementor-element-95c2e57 *\/.elementor-6097 .elementor-element.elementor-element-95c2e57 .elementor-image {\n    height: 100%;\n}\/* End custom CSS *\/\n\/* Start custom CSS for text-editor, class: .elementor-element-aeb6b0d *\/.elementor-6097 .elementor-element.elementor-element-aeb6b0d p {\n    margin: 0;\n}\/* End custom CSS *\/<\/style>\t\t<div data-elementor-type=\"loop-item\" data-elementor-id=\"6097\" class=\"elementor elementor-6097 e-loop-item e-loop-item-6156 post-6156 post type-post status-publish format-standard has-post-thumbnail hentry category-news\" data-elementor-post-type=\"elementor_library\" data-custom-edit-handle=\"1\">\n\t\t\t<div class=\"elementor-element elementor-element-82f65d8 e-con-full e-flex e-con e-parent\" data-id=\"82f65d8\" data-element_type=\"container\">\n\t\t\t\t<div class=\"elementor-element elementor-element-95c2e57 elementor-widget__width-initial elementor-widget-mobile__width-inherit elementor-widget elementor-widget-image\" data-id=\"95c2e57\" data-element_type=\"widget\" data-widget_type=\"image.default\">\n\t\t\t\t<div class=\"elementor-widget-container\">\n\t\t\t\t\t\t\t\t\t\t\t\t\t\t\t<img fetchpriority=\"high\" decoding=\"async\" width=\"1024\" height=\"1024\" src=\"https:\/\/ouissal.mashupdigital.hu\/wp-content\/uploads\/2023\/07\/Untitled-design-1-1024x1024.jpg\" class=\"attachment-large size-large wp-image-6170\" alt=\"\" srcset=\"https:\/\/ouissal.mashupdigital.hu\/wp-content\/uploads\/2023\/07\/Untitled-design-1-1024x1024.jpg 1024w, https:\/\/ouissal.mashupdigital.hu\/wp-content\/uploads\/2023\/07\/Untitled-design-1-300x300.jpg 300w, https:\/\/ouissal.mashupdigital.hu\/wp-content\/uploads\/2023\/07\/Untitled-design-1-150x150.jpg 150w, https:\/\/ouissal.mashupdigital.hu\/wp-content\/uploads\/2023\/07\/Untitled-design-1-768x768.jpg 768w, https:\/\/ouissal.mashupdigital.hu\/wp-content\/uploads\/2023\/07\/Untitled-design-1-12x12.jpg 12w, https:\/\/ouissal.mashupdigital.hu\/wp-content\/uploads\/2023\/07\/Untitled-design-1-440x440.jpg 440w, https:\/\/ouissal.mashupdigital.hu\/wp-content\/uploads\/2023\/07\/Untitled-design-1-180x180.jpg 180w, https:\/\/ouissal.mashupdigital.hu\/wp-content\/uploads\/2023\/07\/Untitled-design-1-120x120.jpg 120w, https:\/\/ouissal.mashupdigital.hu\/wp-content\/uploads\/2023\/07\/Untitled-design-1.jpg 1200w\" sizes=\"(max-width: 1024px) 100vw, 1024px\" \/>\t\t\t\t\t\t\t\t\t\t\t\t\t\t\t<\/div>\n\t\t\t\t<\/div>\n\t\t<div class=\"elementor-element elementor-element-7b829a2 e-con-full e-flex e-con e-child\" data-id=\"7b829a2\" data-element_type=\"container\">\n\t\t\t\t<div class=\"elementor-element elementor-element-b607e3d elementor-widget elementor-widget-heading\" data-id=\"b607e3d\" data-element_type=\"widget\" data-widget_type=\"heading.default\">\n\t\t\t\t<div class=\"elementor-widget-container\">\n\t\t\t\t\t<h2 class=\"elementor-heading-title elementor-size-default\">Die Bewerbungsphase hat begonnen!<\/h2>\t\t\t\t<\/div>\n\t\t\t\t<\/div>\n\t\t\t\t<div class=\"elementor-element elementor-element-aeb6b0d elementor-widget elementor-widget-text-editor\" data-id=\"aeb6b0d\" data-element_type=\"widget\" data-widget_type=\"text-editor.default\">\n\t\t\t\t<div class=\"elementor-widget-container\">\n\t\t\t\t\t\t\t\t\tWeibliche F\u00fchrungskr\u00e4fte k\u00f6nnen sich als Mentorinnen und Mentees bewerben. Am 6. Juli haben wir den Startschuss f\u00fcr die Bewerbungen f\u00fcr das interkulturelle Mentoring-Programm Ouissal gegeben. Weibliche F\u00fchrungskr\u00e4fte k\u00f6nnen sich als Mentorinnen und Mentees aus 10 L\u00e4ndern rund um das Mittelmeer und Deutschland bewerben. Bewerbungsschluss ist der 24. Juli!\t\t\t\t\t\t\t\t<\/div>\n\t\t\t\t<\/div>\n\t\t\t\t<div class=\"dce-visibility-event elementor-element elementor-element-1f04b82 elementor-widget elementor-widget-button\" data-id=\"1f04b82\" data-element_type=\"widget\" data-settings=\"{&quot;enabled_visibility&quot;:&quot;yes&quot;,&quot;dce_visibility_selected&quot;:&quot;yes&quot;}\" data-widget_type=\"button.default\">\n\t\t\t\t<div class=\"elementor-widget-container\">\n\t\t\t\t\t\t\t\t\t<div class=\"elementor-button-wrapper\">\n\t\t\t\t\t<a class=\"elementor-button elementor-button-link elementor-size-sm\" href=\"https:\/\/ouissal.mashupdigital.hu\/de\/the-program\/#application-mentoring\">\n\t\t\t\t\t\t<span class=\"elementor-button-content-wrapper\">\n\t\t\t\t\t\t<span class=\"elementor-button-icon\">\n\t\t\t\t<i aria-hidden=\"true\" class=\"fas fa-long-arrow-alt-right\"><\/i>\t\t\t<\/span>\n\t\t\t\t\t\t\t\t\t<span class=\"elementor-button-text\">Mehr lesen<\/span>\n\t\t\t\t\t<\/span>\n\t\t\t\t\t<\/a>\n\t\t\t\t<\/div>\n\t\t\t\t\t\t\t\t<\/div>\n\t\t\t\t<\/div>\n\t\t<!-- dce invisible element 67ad4f2 -->\t\t<\/div>\n\t\t\t\t<\/div>\n\t\t\t\t<\/div>\n\t\t\t\t<div data-elementor-type=\"loop-item\" data-elementor-id=\"6097\" class=\"elementor elementor-6097 e-loop-item e-loop-item-6144 post-6144 post type-post status-publish format-standard has-post-thumbnail hentry category-news\" data-elementor-post-type=\"elementor_library\" data-custom-edit-handle=\"1\">\n\t\t\t<div class=\"elementor-element elementor-element-82f65d8 e-con-full e-flex e-con e-parent\" data-id=\"82f65d8\" data-element_type=\"container\">\n\t\t\t\t<div class=\"elementor-element elementor-element-95c2e57 elementor-widget__width-initial elementor-widget-mobile__width-inherit elementor-widget elementor-widget-image\" data-id=\"95c2e57\" data-element_type=\"widget\" data-widget_type=\"image.default\">\n\t\t\t\t<div class=\"elementor-widget-container\">\n\t\t\t\t\t\t\t\t\t\t\t\t\t\t\t<img decoding=\"async\" width=\"1024\" height=\"980\" src=\"https:\/\/ouissal.mashupdigital.hu\/wp-content\/uploads\/2023\/06\/tandem-1024x980.jpg\" class=\"attachment-large size-large wp-image-4001\" alt=\"\" srcset=\"https:\/\/ouissal.mashupdigital.hu\/wp-content\/uploads\/2023\/06\/tandem-1024x980.jpg 1024w, https:\/\/ouissal.mashupdigital.hu\/wp-content\/uploads\/2023\/06\/tandem-300x287.jpg 300w, https:\/\/ouissal.mashupdigital.hu\/wp-content\/uploads\/2023\/06\/tandem-768x735.jpg 768w, https:\/\/ouissal.mashupdigital.hu\/wp-content\/uploads\/2023\/06\/tandem-1536x1470.jpg 1536w, https:\/\/ouissal.mashupdigital.hu\/wp-content\/uploads\/2023\/06\/tandem-2048x1959.jpg 2048w, https:\/\/ouissal.mashupdigital.hu\/wp-content\/uploads\/2023\/06\/tandem-13x12.jpg 13w\" sizes=\"(max-width: 1024px) 100vw, 1024px\" \/>\t\t\t\t\t\t\t\t\t\t\t\t\t\t\t<\/div>\n\t\t\t\t<\/div>\n\t\t<div class=\"elementor-element elementor-element-7b829a2 e-con-full e-flex e-con e-child\" data-id=\"7b829a2\" data-element_type=\"container\">\n\t\t\t\t<div class=\"elementor-element elementor-element-b607e3d elementor-widget elementor-widget-heading\" data-id=\"b607e3d\" data-element_type=\"widget\" data-widget_type=\"heading.default\">\n\t\t\t\t<div class=\"elementor-widget-container\">\n\t\t\t\t\t<h2 class=\"elementor-heading-title elementor-size-default\">Was ist Mentoring?<\/h2>\t\t\t\t<\/div>\n\t\t\t\t<\/div>\n\t\t\t\t<div class=\"elementor-element elementor-element-aeb6b0d elementor-widget elementor-widget-text-editor\" data-id=\"aeb6b0d\" data-element_type=\"widget\" data-widget_type=\"text-editor.default\">\n\t\t\t\t<div class=\"elementor-widget-container\">\n\t\t\t\t\t\t\t\t\tDas Tandem-Modell: Ehrenamtliche und pers\u00f6nliche Unterst\u00fctzung von Mentorinnen f\u00fcr Mentees. Eine erfahrene Person (Mentorin) unterst\u00fctzt freiwillig eine wissbegierige Person (Mentee) ein Jahr lang. Dieses Modell f\u00f6rdert einen vertrauten Austausch ohne Hierarchie, der zu einer Win-Win-Situation f\u00fchrt. Bei unserem Programm gibt es nur weibliche Mentorinnen und weibliche Mentees. \t\t\t\t\t\t\t\t<\/div>\n\t\t\t\t<\/div>\n\t\t\t\t<div class=\"dce-visibility-event elementor-element elementor-element-1f04b82 elementor-widget elementor-widget-button\" data-id=\"1f04b82\" data-element_type=\"widget\" data-settings=\"{&quot;enabled_visibility&quot;:&quot;yes&quot;,&quot;dce_visibility_selected&quot;:&quot;yes&quot;}\" data-widget_type=\"button.default\">\n\t\t\t\t<div class=\"elementor-widget-container\">\n\t\t\t\t\t\t\t\t\t<div class=\"elementor-button-wrapper\">\n\t\t\t\t\t<a class=\"elementor-button elementor-button-link elementor-size-sm\" href=\"https:\/\/ouissal.mashupdigital.hu\/de\/the-program\/#what-is-mentoring\">\n\t\t\t\t\t\t<span class=\"elementor-button-content-wrapper\">\n\t\t\t\t\t\t<span class=\"elementor-button-icon\">\n\t\t\t\t<i aria-hidden=\"true\" class=\"fas fa-long-arrow-alt-right\"><\/i>\t\t\t<\/span>\n\t\t\t\t\t\t\t\t\t<span class=\"elementor-button-text\">Mehr lesen<\/span>\n\t\t\t\t\t<\/span>\n\t\t\t\t\t<\/a>\n\t\t\t\t<\/div>\n\t\t\t\t\t\t\t\t<\/div>\n\t\t\t\t<\/div>\n\t\t<!-- dce invisible element 67ad4f2 -->\t\t<\/div>\n\t\t\t\t<\/div>\n\t\t\t\t<\/div>\n\t\t\t\t<div data-elementor-type=\"loop-item\" data-elementor-id=\"6097\" class=\"elementor elementor-6097 e-loop-item e-loop-item-6173 post-6173 post type-post status-publish format-standard has-post-thumbnail hentry category-news\" data-elementor-post-type=\"elementor_library\" data-custom-edit-handle=\"1\">\n\t\t\t<div class=\"elementor-element elementor-element-82f65d8 e-con-full e-flex e-con e-parent\" data-id=\"82f65d8\" data-element_type=\"container\">\n\t\t\t\t<div class=\"elementor-element elementor-element-95c2e57 elementor-widget__width-initial elementor-widget-mobile__width-inherit elementor-widget elementor-widget-image\" data-id=\"95c2e57\" data-element_type=\"widget\" data-widget_type=\"image.default\">\n\t\t\t\t<div class=\"elementor-widget-container\">\n\t\t\t\t\t\t\t\t\t\t\t\t\t\t\t<img decoding=\"async\" width=\"1024\" height=\"1024\" src=\"https:\/\/ouissal.mashupdigital.hu\/wp-content\/uploads\/2023\/07\/Untitled-design-3-1024x1024.jpg\" class=\"attachment-large size-large wp-image-6174\" alt=\"\" srcset=\"https:\/\/ouissal.mashupdigital.hu\/wp-content\/uploads\/2023\/07\/Untitled-design-3-1024x1024.jpg 1024w, https:\/\/ouissal.mashupdigital.hu\/wp-content\/uploads\/2023\/07\/Untitled-design-3-300x300.jpg 300w, https:\/\/ouissal.mashupdigital.hu\/wp-content\/uploads\/2023\/07\/Untitled-design-3-150x150.jpg 150w, https:\/\/ouissal.mashupdigital.hu\/wp-content\/uploads\/2023\/07\/Untitled-design-3-768x768.jpg 768w, https:\/\/ouissal.mashupdigital.hu\/wp-content\/uploads\/2023\/07\/Untitled-design-3-12x12.jpg 12w, https:\/\/ouissal.mashupdigital.hu\/wp-content\/uploads\/2023\/07\/Untitled-design-3-440x440.jpg 440w, https:\/\/ouissal.mashupdigital.hu\/wp-content\/uploads\/2023\/07\/Untitled-design-3-180x180.jpg 180w, https:\/\/ouissal.mashupdigital.hu\/wp-content\/uploads\/2023\/07\/Untitled-design-3-120x120.jpg 120w, https:\/\/ouissal.mashupdigital.hu\/wp-content\/uploads\/2023\/07\/Untitled-design-3.jpg 1200w\" sizes=\"(max-width: 1024px) 100vw, 1024px\" \/>\t\t\t\t\t\t\t\t\t\t\t\t\t\t\t<\/div>\n\t\t\t\t<\/div>\n\t\t<div class=\"elementor-element elementor-element-7b829a2 e-con-full e-flex e-con e-child\" data-id=\"7b829a2\" data-element_type=\"container\">\n\t\t\t\t<div class=\"elementor-element elementor-element-b607e3d elementor-widget elementor-widget-heading\" data-id=\"b607e3d\" data-element_type=\"widget\" data-widget_type=\"heading.default\">\n\t\t\t\t<div class=\"elementor-widget-container\">\n\t\t\t\t\t<h2 class=\"elementor-heading-title elementor-size-default\">Auswahlkriterien Mentees<\/h2>\t\t\t\t<\/div>\n\t\t\t\t<\/div>\n\t\t\t\t<div class=\"elementor-element elementor-element-aeb6b0d elementor-widget elementor-widget-text-editor\" data-id=\"aeb6b0d\" data-element_type=\"widget\" data-widget_type=\"text-editor.default\">\n\t\t\t\t<div class=\"elementor-widget-container\">\n\t\t\t\t\t\t\t\t\tUm am Ouissal-Mentoring-Programm teilnehmen zu k\u00f6nnen, m\u00fcssen die Mentees einige Voraussetzungen in den Bereichen Beruf, Tandembeziehung und Sprache erf\u00fcllen. Au\u00dferdem ist die Rolle eines Mentees klar definiert. Bestimmte Dinge sollte sie unbedingt tun, andere nicht.\t\t\t\t\t\t\t\t<\/div>\n\t\t\t\t<\/div>\n\t\t\t\t<div class=\"dce-visibility-event elementor-element elementor-element-1f04b82 elementor-widget elementor-widget-button\" data-id=\"1f04b82\" data-element_type=\"widget\" data-settings=\"{&quot;enabled_visibility&quot;:&quot;yes&quot;,&quot;dce_visibility_selected&quot;:&quot;yes&quot;}\" data-widget_type=\"button.default\">\n\t\t\t\t<div class=\"elementor-widget-container\">\n\t\t\t\t\t\t\t\t\t<div class=\"elementor-button-wrapper\">\n\t\t\t\t\t<a class=\"elementor-button elementor-button-link elementor-size-sm\" href=\"https:\/\/ouissal.mashupdigital.hu\/de\/mentees-selection-process\/\">\n\t\t\t\t\t\t<span class=\"elementor-button-content-wrapper\">\n\t\t\t\t\t\t<span class=\"elementor-button-icon\">\n\t\t\t\t<i aria-hidden=\"true\" class=\"fas fa-long-arrow-alt-right\"><\/i>\t\t\t<\/span>\n\t\t\t\t\t\t\t\t\t<span class=\"elementor-button-text\">Mehr lesen<\/span>\n\t\t\t\t\t<\/span>\n\t\t\t\t\t<\/a>\n\t\t\t\t<\/div>\n\t\t\t\t\t\t\t\t<\/div>\n\t\t\t\t<\/div>\n\t\t<!-- dce invisible element 67ad4f2 -->\t\t<\/div>\n\t\t\t\t<\/div>\n\t\t\t\t<\/div>\n\t\t\t\t<div data-elementor-type=\"loop-item\" data-elementor-id=\"6097\" class=\"elementor elementor-6097 e-loop-item e-loop-item-6180 post-6180 post type-post status-publish format-standard has-post-thumbnail hentry category-news\" data-elementor-post-type=\"elementor_library\" data-custom-edit-handle=\"1\">\n\t\t\t<div class=\"elementor-element elementor-element-82f65d8 e-con-full e-flex e-con e-parent\" data-id=\"82f65d8\" data-element_type=\"container\">\n\t\t\t\t<div class=\"elementor-element elementor-element-95c2e57 elementor-widget__width-initial elementor-widget-mobile__width-inherit elementor-widget elementor-widget-image\" data-id=\"95c2e57\" data-element_type=\"widget\" data-widget_type=\"image.default\">\n\t\t\t\t<div class=\"elementor-widget-container\">\n\t\t\t\t\t\t\t\t\t\t\t\t\t\t\t<img loading=\"lazy\" decoding=\"async\" width=\"1024\" height=\"1024\" src=\"https:\/\/ouissal.mashupdigital.hu\/wp-content\/uploads\/2023\/07\/Untitled-design-2-1024x1024.jpg\" class=\"attachment-large size-large wp-image-6175\" alt=\"\" srcset=\"https:\/\/ouissal.mashupdigital.hu\/wp-content\/uploads\/2023\/07\/Untitled-design-2-1024x1024.jpg 1024w, https:\/\/ouissal.mashupdigital.hu\/wp-content\/uploads\/2023\/07\/Untitled-design-2-300x300.jpg 300w, https:\/\/ouissal.mashupdigital.hu\/wp-content\/uploads\/2023\/07\/Untitled-design-2-150x150.jpg 150w, https:\/\/ouissal.mashupdigital.hu\/wp-content\/uploads\/2023\/07\/Untitled-design-2-768x768.jpg 768w, https:\/\/ouissal.mashupdigital.hu\/wp-content\/uploads\/2023\/07\/Untitled-design-2-12x12.jpg 12w, https:\/\/ouissal.mashupdigital.hu\/wp-content\/uploads\/2023\/07\/Untitled-design-2-440x440.jpg 440w, https:\/\/ouissal.mashupdigital.hu\/wp-content\/uploads\/2023\/07\/Untitled-design-2-180x180.jpg 180w, https:\/\/ouissal.mashupdigital.hu\/wp-content\/uploads\/2023\/07\/Untitled-design-2-120x120.jpg 120w, https:\/\/ouissal.mashupdigital.hu\/wp-content\/uploads\/2023\/07\/Untitled-design-2.jpg 1200w\" sizes=\"(max-width: 1024px) 100vw, 1024px\" \/>\t\t\t\t\t\t\t\t\t\t\t\t\t\t\t<\/div>\n\t\t\t\t<\/div>\n\t\t<div class=\"elementor-element elementor-element-7b829a2 e-con-full e-flex e-con e-child\" data-id=\"7b829a2\" data-element_type=\"container\">\n\t\t\t\t<div class=\"elementor-element elementor-element-b607e3d elementor-widget elementor-widget-heading\" data-id=\"b607e3d\" data-element_type=\"widget\" data-widget_type=\"heading.default\">\n\t\t\t\t<div class=\"elementor-widget-container\">\n\t\t\t\t\t<h2 class=\"elementor-heading-title elementor-size-default\">Auswahlkriterien Mentorinnen<\/h2>\t\t\t\t<\/div>\n\t\t\t\t<\/div>\n\t\t\t\t<div class=\"elementor-element elementor-element-aeb6b0d elementor-widget elementor-widget-text-editor\" data-id=\"aeb6b0d\" data-element_type=\"widget\" data-widget_type=\"text-editor.default\">\n\t\t\t\t<div class=\"elementor-widget-container\">\n\t\t\t\t\t\t\t\t\tUm am Ouissal-Mentoring-Programm teilnehmen zu k\u00f6nnen, m\u00fcssen die Mentorinnen einige Voraussetzungen in den Bereichen Beruf, Tandembeziehung und Sprache erf\u00fcllen. Au\u00dferdem ist die Rolle eines Mentees klar definiert. Bestimmte Dinge sollte sie unbedingt tun, andere nicht.\t\t\t\t\t\t\t\t<\/div>\n\t\t\t\t<\/div>\n\t\t\t\t<div class=\"dce-visibility-event elementor-element elementor-element-1f04b82 elementor-widget elementor-widget-button\" data-id=\"1f04b82\" data-element_type=\"widget\" data-settings=\"{&quot;enabled_visibility&quot;:&quot;yes&quot;,&quot;dce_visibility_selected&quot;:&quot;yes&quot;}\" data-widget_type=\"button.default\">\n\t\t\t\t<div class=\"elementor-widget-container\">\n\t\t\t\t\t\t\t\t\t<div class=\"elementor-button-wrapper\">\n\t\t\t\t\t<a class=\"elementor-button elementor-button-link elementor-size-sm\" href=\"https:\/\/ouissal.mashupdigital.hu\/de\/mentors-selection-process\/\">\n\t\t\t\t\t\t<span class=\"elementor-button-content-wrapper\">\n\t\t\t\t\t\t<span class=\"elementor-button-icon\">\n\t\t\t\t<i aria-hidden=\"true\" class=\"fas fa-long-arrow-alt-right\"><\/i>\t\t\t<\/span>\n\t\t\t\t\t\t\t\t\t<span class=\"elementor-button-text\">Mehr lesen<\/span>\n\t\t\t\t\t<\/span>\n\t\t\t\t\t<\/a>\n\t\t\t\t<\/div>\n\t\t\t\t\t\t\t\t<\/div>\n\t\t\t\t<\/div>\n\t\t<!-- dce invisible element 67ad4f2 -->\t\t<\/div>\n\t\t\t\t<\/div>\n\t\t\t\t<\/div>\n\t\t\t\t<\/div>\n\t\t\n\t\t\t\t\t\t<\/div>\n\t\t\t\t<\/div>\n\t\t\t\t\t<\/div>\n\t\t\t\t<\/div>\n\t\t\t\t<\/div>","protected":false},"excerpt":{"rendered":"<p>Ouissal Media<\/p>","protected":false},"author":1,"featured_media":0,"parent":0,"menu_order":0,"comment_status":"closed","ping_status":"closed","template":"","meta":{"_acf_changed":false,"footnotes":""},"class_list":["post-3257","page","type-page","status-publish","hentry"],"acf":[],"_links":{"self":[{"href":"https:\/\/ouissal.mashupdigital.hu\/de\/wp-json\/wp\/v2\/pages\/3257","targetHints":{"allow":["GET"]}}],"collection":[{"href":"https:\/\/ouissal.mashupdigital.hu\/de\/wp-json\/wp\/v2\/pages"}],"about":[{"href":"https:\/\/ouissal.mashupdigital.hu\/de\/wp-json\/wp\/v2\/types\/page"}],"author":[{"embeddable":true,"href":"https:\/\/ouissal.mashupdigital.hu\/de\/wp-json\/wp\/v2\/users\/1"}],"replies":[{"embeddable":true,"href":"https:\/\/ouissal.mashupdigital.hu\/de\/wp-json\/wp\/v2\/comments?post=3257"}],"version-history":[{"count":0,"href":"https:\/\/ouissal.mashupdigital.hu\/de\/wp-json\/wp\/v2\/pages\/3257\/revisions"}],"wp:attachment":[{"href":"https:\/\/ouissal.mashupdigital.hu\/de\/wp-json\/wp\/v2\/media?parent=3257"}],"curies":[{"name":"wp","href":"https:\/\/api.w.org\/{rel}","templated":true}]}}