{"id":3072,"date":"2023-06-08T15:26:49","date_gmt":"2023-06-08T15:26:49","guid":{"rendered":"https:\/\/ouissal.org\/?page_id=3072"},"modified":"2024-03-05T14:40:56","modified_gmt":"2024-03-05T14:40:56","slug":"mentors-selection-process","status":"publish","type":"page","link":"https:\/\/ouissal.mashupdigital.hu\/de\/mentors-selection-process\/","title":{"rendered":"Auswahlkriterien Mentorinnen"},"content":{"rendered":"<div data-elementor-type=\"wp-page\" data-elementor-id=\"3072\" class=\"elementor elementor-3072\" data-elementor-post-type=\"page\">\n\t\t\t\t<div class=\"elementor-element elementor-element-4778ab1 e-flex e-con-boxed e-con e-parent\" data-id=\"4778ab1\" data-element_type=\"container\">\n\t\t\t\t\t<div class=\"e-con-inner\">\n\t\t\t\t<div class=\"elementor-element elementor-element-5dab749 elementor-widget elementor-widget-heading\" data-id=\"5dab749\" data-element_type=\"widget\" data-widget_type=\"heading.default\">\n\t\t\t\t<div class=\"elementor-widget-container\">\n\t\t\t\t\t<h1 class=\"elementor-heading-title elementor-size-default\">Auswahlkriterien Mentorinnen<\/h1>\t\t\t\t<\/div>\n\t\t\t\t<\/div>\n\t\t\t\t<div class=\"elementor-element elementor-element-731900d elementor-widget elementor-widget-text-editor\" data-id=\"731900d\" data-element_type=\"widget\" data-no-translation=\"\" data-widget_type=\"text-editor.default\">\n\t\t\t\t<div class=\"elementor-widget-container\">\n\t\t\t\t\t<style>.elementor-element-731900d{display:none !important}<\/style>\t\t\t\t<\/div>\n\t\t\t\t<\/div>\n\t\t\t\t<div class=\"elementor-element elementor-element-663d949 elementor-widget elementor-widget-text-editor\" data-id=\"663d949\" data-element_type=\"widget\" data-no-translation=\"\" data-widget_type=\"text-editor.default\">\n\t\t\t\t<div class=\"elementor-widget-container\">\n\t\t\t\t\t\t\t\t\t<p><b>Um an Ouissal teilzunehmen, erf\u00fcllen Sie idealerweise folgende Voraussetzungen:<\/b><\/p><p><b>Werdegang<\/b><\/p><ul><li style=\"font-weight: 400;\" aria-level=\"1\"><span style=\"font-weight: 400;\">Seit mind. <\/span><b>10 Jahren erfahrene<\/b><span style=\"font-weight: 400;\"> Unternehmerin, Gesch\u00e4ftsf\u00fchrerin oder in leitender Position t\u00e4tig.<\/span><\/li><li style=\"font-weight: 400;\" aria-level=\"1\"><b>Fachkenntnisse<\/b><span style=\"font-weight: 400;\"> in eigener Branche, F\u00fchrungsthemen und Gesch\u00e4ftsentwicklung.<\/span><\/li><\/ul><p><b>Tandemarbeit und Programm\u00a0<\/b><\/p><ul><li style=\"font-weight: 400;\" aria-level=\"1\"><span style=\"font-weight: 400;\">Bereitschaft, ca. <\/span><b>1,5 Stunden pro Woche<\/b><span style=\"font-weight: 400;\"> f\u00fcr <\/span><b>1 Jahr<\/b><span style=\"font-weight: 400;\"> in die Mentoring-Beziehung zu investieren, um w\u00e4hrend des gesamten Mentoring-Programms regelm\u00e4\u00dfig mit der Tandempartnerin zu kommunizieren (Intensit\u00e4t und H\u00e4ufigkeit der Kommunikation k\u00f6nnen an individuelle Bedarfslagen angepasst werden)<\/span><\/li><li style=\"font-weight: 400;\" aria-level=\"1\"><span style=\"font-weight: 400;\">Bereitschaft zur <\/span><b>verpflichtenden Teilnahme<\/b><span style=\"font-weight: 400;\"> am <\/span><b>Kick-off-Meeting<\/b><span style=\"font-weight: 400;\"> in einem der Partnerl\u00e4nder der Mittelmeer- und Nahostregion (inkl. An- und Abreise).<\/span><\/li><li style=\"font-weight: 400;\" aria-level=\"1\"><b>Interesse<\/b><span style=\"font-weight: 400;\"> an kultureller, \u00f6konomischer und sozialer Vielfalt der <\/span><b>arabischen Welt<\/b><\/li><li style=\"font-weight: 400;\" aria-level=\"1\"><b>Interesse<\/b><span style=\"font-weight: 400;\"> am <\/span><b>interkulturellen Austausch<\/b><span style=\"font-weight: 400;\"> und der <\/span><b>F\u00f6rderung<\/b><span style=\"font-weight: 400;\"> beruflicher Perspektiven f\u00fcr Frauen in arabischen L\u00e4ndern.<\/span><\/li><li style=\"font-weight: 400;\" aria-level=\"1\"><b>Wunsch<\/b><span style=\"font-weight: 400;\">, gleichgesinnte Unternehmerinnen im deutsch-arabischen Frauennetzwerk <\/span><b>kennenzulernen<\/b><span style=\"font-weight: 400;\"> und vom gesamten Netzwerk der Mentorinnen und Mentees sowie der Alumnae Gruppe zu profitieren Bereitschaft, Ihr Wissen und Ihre Expertise mit jungen Nachwuchsunternehmerinnen zu teilen und zu erweitern (z. B. Umsetzung Businessplan und Unternehmensentwicklung Mentee).<\/span><\/li><li style=\"font-weight: 400;\" aria-level=\"1\"><b>Offenheit<\/b><span style=\"font-weight: 400;\">, <\/span><b>Selbstwahrnehmung<\/b><span style=\"font-weight: 400;\"> und <\/span><b>Reflexionsf\u00e4higkeit<\/b><span style=\"font-weight: 400;\"> als pers\u00f6nliche Eigenschaften.<\/span><\/li><li style=\"font-weight: 400;\" aria-level=\"1\"><b>Anpassungsf\u00e4higkeit<\/b><span style=\"font-weight: 400;\"> und die Bereitschaft, <\/span><b>gewohnte Muster<\/b><span style=\"font-weight: 400;\"> zu <\/span><b>durchbrechen<\/b><span style=\"font-weight: 400;\"> und an neue Gegebenheiten anzupassen.<\/span><\/li><\/ul><p><b>Sprachkenntnisse<\/b><\/p><ul><li style=\"font-weight: 400;\" aria-level=\"1\"><b>Sehr gute Englisch- und\/oder Franz\u00f6sischkenntnisse<\/b><span style=\"font-weight: 400;\">. Die Tandems werden in einer gemeinsamen Sprache (Franz\u00f6sisch oder Englisch) gematcht. Niemand ist perfekt: Die Sprachkenntnisse m\u00fcssen nicht auf Muttersprachenniveau sein. Dennoch sollten sich die Tandempartnerinnen dazu in der Lage f\u00fchlen, sich auf Franz\u00f6sisch bzw. Englisch \u00fcber unternehmerische Fragestellungen auszutauschen.<\/span><\/li><\/ul><p><b>Unsere Erwartungen an eine Mentorin:<\/b><\/p><p>\u00a0<\/p><table><tbody><tr><td><p><b>Was ist eine Mentorin?<\/b><\/p><\/td><td><p><b>Was ist eine Mentorin <\/b><b>nicht<\/b><b>?<\/b><\/p><\/td><\/tr><tr><td><p><span style=\"font-weight: 400;\">Erfahrungswissenstr\u00e4gerin\/-vermittlerin<\/span><\/p><\/td><td><p><span style=\"font-weight: 400;\">Vorgesetzte oder H\u00f6hergestellte<\/span><\/p><\/td><\/tr><tr><td><p><span style=\"font-weight: 400;\">Sparringspartnerin<\/span><\/p><\/td><td><p><span style=\"font-weight: 400;\">Anf\u00fchrerin<\/span><\/p><\/td><\/tr><tr><td><p><span style=\"font-weight: 400;\">Partnerin<\/span><\/p><\/td><td><p><span style=\"font-weight: 400;\">Allwissend und fehlerfrei<\/span><\/p><\/td><\/tr><tr><td><p><span style=\"font-weight: 400;\">Mutmacherin<\/span><\/p><\/td><td><p><span style=\"font-weight: 400;\">Kummerkasten, Therapeutin<\/span><\/p><\/td><\/tr><tr><td><p><span style=\"font-weight: 400;\">Vorbild<\/span><\/p><\/td><td><p><span style=\"font-weight: 400;\">\u201eMutter\u201c der Mentee<\/span><\/p><\/td><\/tr><tr><td><p><span style=\"font-weight: 400;\">Impulsgeberin (beruflich und privat)<\/span><\/p><\/td><td><p><span style=\"font-weight: 400;\">Coach<\/span><\/p><\/td><\/tr><tr><td><p><span style=\"font-weight: 400;\">(Karriere-)Begleiterin<\/span><\/p><\/td><td><p><span style=\"font-weight: 400;\">Jobvermittlerin<\/span><\/p><\/td><\/tr><tr><td><p><span style=\"font-weight: 400;\">Netzwerkerin<\/span><\/p><\/td><td><p><span style=\"font-weight: 400;\">Gastgeberin<\/span><\/p><\/td><\/tr><tr><td><p><span style=\"font-weight: 400;\">Ideengeberin<\/span><\/p><\/td><td><p><span style=\"font-weight: 400;\">Navigierende<\/span><\/p><\/td><\/tr><tr><td><p><span style=\"font-weight: 400;\">Entdeckerin<\/span><\/p><\/td><td><p><span style=\"font-weight: 400;\">Verk\u00e4uferin<\/span><\/p><\/td><\/tr><tr><td><p><span style=\"font-weight: 400;\">Feedbackgeberin<\/span><\/p><\/td><td><p><span style=\"font-weight: 400;\">Stets verf\u00fcgbar<\/span><\/p><\/td><\/tr><tr><td><p><span style=\"font-weight: 400;\">Feedbackempf\u00e4ngerin<\/span><\/p><\/td><td><p><span style=\"font-weight: 400;\">L\u00f6sungsfinderin<\/span><\/p><\/td><\/tr><tr><td><p><span style=\"font-weight: 400;\">Zuh\u00f6rerin<\/span><\/p><\/td><td><p><span style=\"font-weight: 400;\">Bewerterin, Richterin<\/span><\/p><\/td><\/tr><tr><td><p><span style=\"font-weight: 400;\">Lernbegeisterte<\/span><\/p><\/td><td><p><span style=\"font-weight: 400;\">Dienstleisterin oder Gesch\u00e4ftspartnerin<\/span><\/p><\/td><\/tr><tr><td><p><span style=\"font-weight: 400;\">Wissensbegierige<\/span><\/p><\/td><td>\u00a0<\/td><\/tr><\/tbody><\/table><p><b>Anmerkungen\u00a0:<\/b><\/p><p><i><span style=\"font-weight: 400;\">Die Kosten f\u00fcr die Teilnahme an diesem Programm (Reisekosten, Unterkunft und Verpflegung) werden vom Projekt getragen.<\/span><\/i><\/p>\t\t\t\t\t\t\t\t<\/div>\n\t\t\t\t<\/div>\n\t\t\t\t<div class=\"elementor-element elementor-element-64d956d elementor-widget elementor-widget-text-editor\" data-id=\"64d956d\" data-element_type=\"widget\" data-no-translation=\"\" data-widget_type=\"text-editor.default\">\n\t\t\t\t<div class=\"elementor-widget-container\">\n\t\t\t\t\t<style>.elementor-element-64d956d{display:none !important}<\/style>\t\t\t\t<\/div>\n\t\t\t\t<\/div>\n\t\t\t\t\t<\/div>\n\t\t\t\t<\/div>\n\t\t<div class=\"elementor-element elementor-element-bb6bbf6 e-flex e-con-boxed e-con e-parent\" data-id=\"bb6bbf6\" data-element_type=\"container\" data-settings=\"{&quot;background_background&quot;:&quot;classic&quot;}\">\n\t\t\t\t\t<div class=\"e-con-inner\">\n\t\t\t\t<div class=\"elementor-element elementor-element-515d77b divider_yes elementor-widget elementor-widget-wgl-double-headings\" data-id=\"515d77b\" data-element_type=\"widget\" data-widget_type=\"wgl-double-headings.default\">\n\t\t\t\t<div class=\"elementor-widget-container\">\n\t\t\t\t\t<div class=\"wgl-double_heading acenter\">                <h3 class=\"dbl-title_wrapper translation-block\"><span class=\"dbl-title dbl-title_1\">Wie<\/span> <span class=\"dbl-title dbl-title_2\">kann ich mich bewerben?<\/span><\/h3>        <\/div>\t\t\t\t<\/div>\n\t\t\t\t<\/div>\n\t\t<div class=\"elementor-element elementor-element-789bdd2 e-flex e-con-boxed e-con e-child\" data-id=\"789bdd2\" data-element_type=\"container\">\n\t\t\t\t\t<div class=\"e-con-inner\">\n\t\t<div class=\"elementor-element elementor-element-dd8e59e e-con-full e-flex e-con e-child\" data-id=\"dd8e59e\" data-element_type=\"container\">\n\t\t\t\t<div class=\"elementor-element elementor-element-e218d6c link-whole elementor-widget elementor-widget-wgl-services-7\" data-id=\"e218d6c\" data-element_type=\"widget\" data-widget_type=\"wgl-services-7.default\">\n\t\t\t\t<div class=\"elementor-widget-container\">\n\t\t\t\t\t        <div class=\"wgl-services-7 aleft\">\n            <div class=\"wgl-services_wrap\">                    <div class=\"wgl-services_image-wrap\"><img decoding=\"async\" class=\"wgl-services_image\" src=\"https:\/\/ouissal.mashupdigital.hu\/wp-content\/uploads\/2023\/06\/Mentor-scaled.jpg\" alt=\"Mentor\" \/><\/div>                <div class=\"wgl-services_content\">                        <h3 class=\"wgl-services_title translation-block\">Als <b>Mentorin<\/b> bewerben<\/h3>                        <div class=\"wgl-services_text\">Unterst\u00fctzen Sie eine aufstrebende weibliche F\u00fchrungskraft und erweitern Sie dabei auch Ihren Horizont.<\/div>                        <div class=\"wgl-services_link-button\"><a class=\"wgl-services_link\" href=\"https:\/\/ouissal.mashupdigital.hu\/de\/apply-as-a-mentor\/\"><\/a><\/div>                <\/div>                    <a class=\"wgl-services_link\" href=\"https:\/\/ouissal.mashupdigital.hu\/de\/apply-as-a-mentor\/\"><\/a>            <\/div>\n        <\/div>\n\n        \t\t\t\t<\/div>\n\t\t\t\t<\/div>\n\t\t\t\t<\/div>\n\t\t<div class=\"elementor-element elementor-element-ae6ef38 e-con-full e-flex e-con e-child\" data-id=\"ae6ef38\" data-element_type=\"container\">\n\t\t\t\t<div class=\"elementor-element elementor-element-15db4de link-whole elementor-widget elementor-widget-wgl-services-7\" data-id=\"15db4de\" data-element_type=\"widget\" data-widget_type=\"wgl-services-7.default\">\n\t\t\t\t<div class=\"elementor-widget-container\">\n\t\t\t\t\t        <div class=\"wgl-services-7 aleft\">\n            <div class=\"wgl-services_wrap\">                    <div class=\"wgl-services_image-wrap\"><img decoding=\"async\" class=\"wgl-services_image\" src=\"https:\/\/ouissal.mashupdigital.hu\/wp-content\/uploads\/2023\/06\/Mentee-scaled.jpg\" alt=\"Mentee\" \/><\/div>                <div class=\"wgl-services_content\">                        <h3 class=\"wgl-services_title translation-block\">Als <b>Mentee<\/b> bewerben<\/h3>                        <div class=\"wgl-services_text\">Begeben Sie sich auf eine Reise zu erfolgreichen F\u00fchrungskr\u00e4ften, w\u00e4hrend Sie von einer erfahrenen weiblichen F\u00fchrungskraft unsch\u00e4tzbare Weisheit erhalten.<\/div>                        <div class=\"wgl-services_link-button\"><a class=\"wgl-services_link\" href=\"https:\/\/ouissal.mashupdigital.hu\/de\/apply-as-a-mentee\/\"><\/a><\/div>                <\/div>                    <a class=\"wgl-services_link\" href=\"https:\/\/ouissal.mashupdigital.hu\/de\/apply-as-a-mentee\/\"><\/a>            <\/div>\n        <\/div>\n\n        \t\t\t\t<\/div>\n\t\t\t\t<\/div>\n\t\t\t\t<\/div>\n\t\t\t\t\t<\/div>\n\t\t\t\t<\/div>\n\t\t\t\t\t<\/div>\n\t\t\t\t<\/div>\n\t\t\t\t<\/div>","protected":false},"excerpt":{"rendered":"<p>To participate in Ouissal, you ideally meet the following requirements: Career Experienced entrepreneur, managing director or working in a leading position for at least 10 years. Expertise in own industry, leadership topics and business development. Tandem and Program Willingness to invest approximately 1.5 hours per week for 1 year in the mentoring relationship in order [&hellip;]<\/p>","protected":false},"author":1,"featured_media":0,"parent":0,"menu_order":0,"comment_status":"closed","ping_status":"closed","template":"","meta":{"_acf_changed":false,"footnotes":""},"class_list":["post-3072","page","type-page","status-publish","hentry"],"acf":[],"_links":{"self":[{"href":"https:\/\/ouissal.mashupdigital.hu\/de\/wp-json\/wp\/v2\/pages\/3072","targetHints":{"allow":["GET"]}}],"collection":[{"href":"https:\/\/ouissal.mashupdigital.hu\/de\/wp-json\/wp\/v2\/pages"}],"about":[{"href":"https:\/\/ouissal.mashupdigital.hu\/de\/wp-json\/wp\/v2\/types\/page"}],"author":[{"embeddable":true,"href":"https:\/\/ouissal.mashupdigital.hu\/de\/wp-json\/wp\/v2\/users\/1"}],"replies":[{"embeddable":true,"href":"https:\/\/ouissal.mashupdigital.hu\/de\/wp-json\/wp\/v2\/comments?post=3072"}],"version-history":[{"count":0,"href":"https:\/\/ouissal.mashupdigital.hu\/de\/wp-json\/wp\/v2\/pages\/3072\/revisions"}],"wp:attachment":[{"href":"https:\/\/ouissal.mashupdigital.hu\/de\/wp-json\/wp\/v2\/media?parent=3072"}],"curies":[{"name":"wp","href":"https:\/\/api.w.org\/{rel}","templated":true}]}}