{"id":2034,"date":"2023-05-22T08:11:09","date_gmt":"2023-05-22T08:11:09","guid":{"rendered":"https:\/\/ouissal.org\/?page_id=2034"},"modified":"2024-07-24T11:13:18","modified_gmt":"2024-07-24T11:13:18","slug":"homepage-2","status":"publish","type":"page","link":"https:\/\/ouissal.mashupdigital.hu\/de\/","title":{"rendered":"Homepage"},"content":{"rendered":"<div class=\"em em-view-container\" id=\"em-view-1372164314\" data-view=\"event\">\r\n\t<div class=\"em wgl_themes em-item em-item-single em-event em-event-single em-event-8\" id=\"em-event-1372164314\" data-view-id=\"1372164314\">\r\n\t\t<div class=\"event-single_wrapper row\">\r\n            <div class=\"event-single_content wgl_col-4\">\r\n                   <i class=\"icon-event flaticon-clock\"><\/i>\r\n              <h6>Veranstaltungsdatum<\/h6>\r\n              Start um 20:00 Uhr<br \/>\r\n            5. Februar 2024 - 9. Februar 2024\r\n            <\/div>\r\n            \r\n            <div class=\"event-single_content wgl_col-4\">\r\n            <i class=\"icon-event flaticon-meeting-point\"><\/i>\r\n              <h6>Veranstaltungsort<\/h6>\r\n              <a href=\"https:\/\/ouissal.mashupdigital.hu\/de\/locations\/amman-jordan\/\">Amman, Jordan<\/a>\r\n            <\/div>\r\n            \r\n            <div class=\"event-single_content wgl_col-4\">\r\n            <i class=\"icon-event flaticon-paper-plane\"><\/i>\r\n              <h6>E-Mail<\/h6>\r\n\t\t\t\t<span>ouissal@ema-germany.org wenden.<\/span>\r\n            <\/div>\r\n            <\/div>\r\n            \t<\/div>\r\n<\/div>","protected":false},"excerpt":{"rendered":"<p>Februar 5, 2024 &#8211; Februar 9, 2024 @ 8:00 p.m. &#8211; OuissalInterkulturelles Mentoring ProgrammEmpowerment Frauen in F\u00fchrungWas ist Ouissal?Das 5Deutsch-Arabische FrauenforumConnecting women to empweer the world 16.10.24 | BerlinMehr erfahrenOuissalInterkulturelles Mentoring ProgrammEin einzigartiges arabisch-deutsches Mentoring-Programm f\u00fcr weibliche F\u00fchrungskr\u00e4fte!Warum an Ouissal teilnehmen?OuissalInterkulturelles Mentoring ProgrammF\u00fcr weibliche F\u00fchrungskr\u00e4fte inDeutschland, Marokko, Algerien, Tunesien, Libyen, \u00c4gypten, Syrien, Pal\u00e4stina, Libanon und Jordanien!Wie bewerbe ich mich? Program Schedule BEWERBUNGSFRIST 31. Juli 2023 (Bekanntgabe [&#8230;]<\/p>","protected":false},"author":1,"featured_media":0,"parent":0,"menu_order":0,"comment_status":"closed","ping_status":"closed","template":"","meta":{"_acf_changed":false,"footnotes":""},"class_list":["post-2034","page","type-page","status-publish","hentry"],"acf":[],"_links":{"self":[{"href":"https:\/\/ouissal.mashupdigital.hu\/de\/wp-json\/wp\/v2\/pages\/2034","targetHints":{"allow":["GET"]}}],"collection":[{"href":"https:\/\/ouissal.mashupdigital.hu\/de\/wp-json\/wp\/v2\/pages"}],"about":[{"href":"https:\/\/ouissal.mashupdigital.hu\/de\/wp-json\/wp\/v2\/types\/page"}],"author":[{"embeddable":true,"href":"https:\/\/ouissal.mashupdigital.hu\/de\/wp-json\/wp\/v2\/users\/1"}],"replies":[{"embeddable":true,"href":"https:\/\/ouissal.mashupdigital.hu\/de\/wp-json\/wp\/v2\/comments?post=2034"}],"version-history":[{"count":0,"href":"https:\/\/ouissal.mashupdigital.hu\/de\/wp-json\/wp\/v2\/pages\/2034\/revisions"}],"wp:attachment":[{"href":"https:\/\/ouissal.mashupdigital.hu\/de\/wp-json\/wp\/v2\/media?parent=2034"}],"curies":[{"name":"wp","href":"https:\/\/api.w.org\/{rel}","templated":true}]}}